{"id":918,"date":"2023-07-27T13:09:33","date_gmt":"2023-07-27T13:09:33","guid":{"rendered":"https:\/\/restaurantcanllobet.es\/qui-som\/"},"modified":"2023-09-18T14:48:12","modified_gmt":"2023-09-18T14:48:12","slug":"quienes-somos","status":"publish","type":"page","link":"https:\/\/restaurantcanllobet.es\/es\/quienes-somos\/","title":{"rendered":"QUIENES SOMOS"},"content":{"rendered":"\t\t<div data-elementor-type=\"wp-page\" data-elementor-id=\"918\" class=\"elementor elementor-918\" data-elementor-post-type=\"page\">\n\t\t\t\t\t\t<section class=\"elementor-section elementor-top-section elementor-element elementor-element-0f51415 elementor-section-boxed elementor-section-height-default elementor-section-height-default\" data-id=\"0f51415\" data-element_type=\"section\" data-settings=\"{&quot;background_background&quot;:&quot;classic&quot;}\">\n\t\t\t\t\t\t\t<div class=\"elementor-background-overlay\"><\/div>\n\t\t\t\t\t\t\t<div class=\"elementor-container elementor-column-gap-default\">\n\t\t\t\t\t<div class=\"elementor-column elementor-col-100 elementor-top-column elementor-element elementor-element-3ac1f72\" data-id=\"3ac1f72\" data-element_type=\"column\">\n\t\t\t<div class=\"elementor-widget-wrap elementor-element-populated\">\n\t\t\t\t\t\t<div class=\"elementor-element elementor-element-11b4628 elementor-widget elementor-widget-heading\" data-id=\"11b4628\" data-element_type=\"widget\" data-widget_type=\"heading.default\">\n\t\t\t\t<div class=\"elementor-widget-container\">\n\t\t\t\t\t<h1 class=\"elementor-heading-title elementor-size-default\">Qui\u00e9nes Somos<\/h1>\t\t\t\t<\/div>\n\t\t\t\t<\/div>\n\t\t\t\t<div class=\"elementor-element elementor-element-b2a99dc elementor-widget elementor-widget-text-editor\" data-id=\"b2a99dc\" data-element_type=\"widget\" data-widget_type=\"text-editor.default\">\n\t\t\t\t<div class=\"elementor-widget-container\">\n\t\t\t\t\t\t\t\t\t<p><strong>Can\u00a0Llobet, un restaurante especializado en carnes a la brasa.<\/strong><br \/><strong>Desde 1982 en Santa Perp\u00e8tua de Mogoda<\/strong><\/p>\t\t\t\t\t\t\t\t<\/div>\n\t\t\t\t<\/div>\n\t\t\t\t\t<\/div>\n\t\t<\/div>\n\t\t\t\t\t<\/div>\n\t\t<\/section>\n\t\t\t\t<section class=\"elementor-section elementor-top-section elementor-element elementor-element-6a8667e elementor-section-boxed elementor-section-height-default elementor-section-height-default\" data-id=\"6a8667e\" data-element_type=\"section\" data-settings=\"{&quot;background_background&quot;:&quot;classic&quot;}\">\n\t\t\t\t\t\t<div class=\"elementor-container elementor-column-gap-default\">\n\t\t\t\t\t<div class=\"elementor-column elementor-col-100 elementor-top-column elementor-element elementor-element-24287fb\" data-id=\"24287fb\" data-element_type=\"column\" data-settings=\"{&quot;background_background&quot;:&quot;classic&quot;}\">\n\t\t\t<div class=\"elementor-widget-wrap elementor-element-populated\">\n\t\t\t\t\t\t<div class=\"elementor-element elementor-element-6f0de64 elementor-widget elementor-widget-text-editor\" data-id=\"6f0de64\" data-element_type=\"widget\" data-widget_type=\"text-editor.default\">\n\t\t\t\t<div class=\"elementor-widget-container\">\n\t\t\t\t\t\t\t\t\t<p>Est\u00e1s organizando una comida con los amigos y no sabes donde ir?<br \/>Vienes en Santa Perp\u00e8tua de Mogoda de visita y quieres ir a comer a un buen restaurante? Quieres sorprender a tu pareja con una comida espectacular?<br \/><br \/><br \/>Al Restaurante\u00a0Can\u00a0Llobet\u00a0damos respuesta a todas estas preguntas con nuestras propuestas culinarias, aut\u00e9nticas delicias gastron\u00f3micas que har\u00e1n que todos los comensales que vengan a visitarnos disfruten c\u00f3mo nunca lo han hecho.<\/p>\t\t\t\t\t\t\t\t<\/div>\n\t\t\t\t<\/div>\n\t\t\t\t\t<\/div>\n\t\t<\/div>\n\t\t\t\t\t<\/div>\n\t\t<\/section>\n\t\t\t\t<section class=\"elementor-section elementor-top-section elementor-element elementor-element-2e541a3 elementor-section-boxed elementor-section-height-default elementor-section-height-default\" data-id=\"2e541a3\" data-element_type=\"section\" data-settings=\"{&quot;background_background&quot;:&quot;classic&quot;}\">\n\t\t\t\t\t\t<div class=\"elementor-container elementor-column-gap-default\">\n\t\t\t\t\t<div class=\"elementor-column elementor-col-100 elementor-top-column elementor-element elementor-element-1fc000d\" data-id=\"1fc000d\" data-element_type=\"column\">\n\t\t\t<div class=\"elementor-widget-wrap elementor-element-populated\">\n\t\t\t\t\t\t<section class=\"elementor-section elementor-inner-section elementor-element elementor-element-b799cf0 elementor-reverse-mobile elementor-section-boxed elementor-section-height-default elementor-section-height-default\" data-id=\"b799cf0\" data-element_type=\"section\">\n\t\t\t\t\t\t<div class=\"elementor-container elementor-column-gap-wider\">\n\t\t\t\t\t<div class=\"elementor-column elementor-col-50 elementor-inner-column elementor-element elementor-element-178e977\" data-id=\"178e977\" data-element_type=\"column\">\n\t\t\t<div class=\"elementor-widget-wrap elementor-element-populated\">\n\t\t\t\t\t\t<div class=\"elementor-element elementor-element-9377446 elementor-widget elementor-widget-image\" data-id=\"9377446\" data-element_type=\"widget\" data-widget_type=\"image.default\">\n\t\t\t\t<div class=\"elementor-widget-container\">\n\t\t\t\t\t\t\t\t\t\t\t\t\t\t\t<img fetchpriority=\"high\" decoding=\"async\" width=\"1024\" height=\"768\" src=\"https:\/\/restaurantcanllobet.es\/wp-content\/uploads\/2023\/07\/IMG_20221002_151200-1024x768.jpg\" class=\"attachment-large size-large wp-image-251\" alt=\"\" srcset=\"https:\/\/restaurantcanllobet.es\/wp-content\/uploads\/2023\/07\/IMG_20221002_151200-1024x768.jpg 1024w, https:\/\/restaurantcanllobet.es\/wp-content\/uploads\/2023\/07\/IMG_20221002_151200-300x225.jpg 300w, https:\/\/restaurantcanllobet.es\/wp-content\/uploads\/2023\/07\/IMG_20221002_151200-768x576.jpg 768w, https:\/\/restaurantcanllobet.es\/wp-content\/uploads\/2023\/07\/IMG_20221002_151200.jpg 1360w\" sizes=\"(max-width: 1024px) 100vw, 1024px\" \/>\t\t\t\t\t\t\t\t\t\t\t\t\t\t\t<\/div>\n\t\t\t\t<\/div>\n\t\t\t\t\t<\/div>\n\t\t<\/div>\n\t\t\t\t<div class=\"elementor-column elementor-col-50 elementor-inner-column elementor-element elementor-element-10d7292\" data-id=\"10d7292\" data-element_type=\"column\">\n\t\t\t<div class=\"elementor-widget-wrap elementor-element-populated\">\n\t\t\t\t\t\t<div class=\"elementor-element elementor-element-32ad1b6 elementor-widget elementor-widget-text-editor\" data-id=\"32ad1b6\" data-element_type=\"widget\" data-widget_type=\"text-editor.default\">\n\t\t\t\t<div class=\"elementor-widget-container\">\n\t\t\t\t\t\t\t\t\t<p><strong>Comidas con un toque \u00fanico.\u00a0<\/strong><br \/><br \/>Hemos utilizado la base de las recetas m\u00e1s tradicionales y las hemos modificado con ingredientes diferentes y con materias primas de la zona\u00a0 \u00a0 que ha dado lugar a unas propuestas especiales y \u00fanicas. No te puedes marchar de nuestro establecimiento sin haber probado las exquisitas carnes a la brasa, los peces o los nuestros arroces hechos con toda la cura.<br \/><br \/>Aparte de los platos cuidados y cuidadosos, tambi\u00e9n nos preocupamos por el ambiente de nuestro local y nos gusta decirte que en esto tambi\u00e9n te sorprenderemos. Hemos volcado nuestra alma y sentimientos en este negocio y prueba de esto es que de nuestras paredes cuelgan cuadros hechos por en Salvador, uno de los amos del restaurante. Adem\u00e1s, rompemos con la monoton\u00eda tradicional con un ambiente minimalista y moderno, donde la iluminaci\u00f3n es constante.<\/p>\t\t\t\t\t\t\t\t<\/div>\n\t\t\t\t<\/div>\n\t\t\t\t\t<\/div>\n\t\t<\/div>\n\t\t\t\t\t<\/div>\n\t\t<\/section>\n\t\t\t\t\t<\/div>\n\t\t<\/div>\n\t\t\t\t\t<\/div>\n\t\t<\/section>\n\t\t\t\t<section class=\"elementor-section elementor-top-section elementor-element elementor-element-7828c55 elementor-section-boxed elementor-section-height-default elementor-section-height-default\" data-id=\"7828c55\" data-element_type=\"section\" data-settings=\"{&quot;background_background&quot;:&quot;classic&quot;}\">\n\t\t\t\t\t\t<div class=\"elementor-container elementor-column-gap-default\">\n\t\t\t\t\t<div class=\"elementor-column elementor-col-100 elementor-top-column elementor-element elementor-element-7d6b6c8\" data-id=\"7d6b6c8\" data-element_type=\"column\" data-settings=\"{&quot;background_background&quot;:&quot;classic&quot;}\">\n\t\t\t<div class=\"elementor-widget-wrap elementor-element-populated\">\n\t\t\t\t\t\t<div class=\"elementor-element elementor-element-bfa4d77 elementor-widget elementor-widget-text-editor\" data-id=\"bfa4d77\" data-element_type=\"widget\" data-widget_type=\"text-editor.default\">\n\t\t\t\t<div class=\"elementor-widget-container\">\n\t\t\t\t\t\t\t\t\t<p>Descubre una experiencia culinaria \u00fanica en nuestro restaurante especializado en carnes a la brasa.<br \/><br \/>Nuestro equipo culinarios ha creado un men\u00fa excepcional que combina las mejores carnes con sabores aut\u00e9nticos y una atenci\u00f3n al por menor insuperable.<\/p>\t\t\t\t\t\t\t\t<\/div>\n\t\t\t\t<\/div>\n\t\t\t\t\t<\/div>\n\t\t<\/div>\n\t\t\t\t\t<\/div>\n\t\t<\/section>\n\t\t\t\t<section class=\"elementor-section elementor-top-section elementor-element elementor-element-8509ca5 elementor-section-boxed elementor-section-height-default elementor-section-height-default\" data-id=\"8509ca5\" data-element_type=\"section\" data-settings=\"{&quot;background_background&quot;:&quot;classic&quot;}\">\n\t\t\t\t\t\t<div class=\"elementor-container elementor-column-gap-default\">\n\t\t\t\t\t<div class=\"elementor-column elementor-col-100 elementor-top-column elementor-element elementor-element-ae7e736\" data-id=\"ae7e736\" data-element_type=\"column\">\n\t\t\t<div class=\"elementor-widget-wrap elementor-element-populated\">\n\t\t\t\t\t\t<section class=\"elementor-section elementor-inner-section elementor-element elementor-element-9a3afb6 elementor-section-boxed elementor-section-height-default elementor-section-height-default\" data-id=\"9a3afb6\" data-element_type=\"section\">\n\t\t\t\t\t\t<div class=\"elementor-container elementor-column-gap-wider\">\n\t\t\t\t\t<div class=\"elementor-column elementor-col-50 elementor-inner-column elementor-element elementor-element-05b8bc6\" data-id=\"05b8bc6\" data-element_type=\"column\">\n\t\t\t<div class=\"elementor-widget-wrap elementor-element-populated\">\n\t\t\t\t\t\t<div class=\"elementor-element elementor-element-cae956a elementor-widget elementor-widget-text-editor\" data-id=\"cae956a\" data-element_type=\"widget\" data-widget_type=\"text-editor.default\">\n\t\t\t\t<div class=\"elementor-widget-container\">\n\t\t\t\t\t\t\t\t\t<div class=\"traductor-textarea form-group\"><div class=\"textarea-desti col-xs-12 col-sm-6\"><div class=\"form-control second-textarea\"><strong>Nuestra cocina\u2026<\/strong><br \/><br \/>Mediterr\u00e1neo y catalana a la vegada, puesto que utilizamos las recetas de toda la vida e incorporamos las materias primas de la zona, de proximidad, dando un toque \u00fanico y especial.<br \/><br \/>Las Manitas de cerdo a la brasa, las carnes a la brasa, el bacalao&#8230; Todo el que te apetezca y mucho m\u00e1s lo podr\u00e1s probar al Restaurante\u00a0Can\u00a0Llobet.\u00a0<br \/><br \/>No te olvides de hacer tu reserva de mesa antes de venir a vernos y disfruta de una comida espl\u00e9ndida. Nosotros nos encargamos de esto.<br \/><br \/>Te esperamos<\/div><\/div><\/div>\t\t\t\t\t\t\t\t<\/div>\n\t\t\t\t<\/div>\n\t\t\t\t\t<\/div>\n\t\t<\/div>\n\t\t\t\t<div class=\"elementor-column elementor-col-50 elementor-inner-column elementor-element elementor-element-6484c35\" data-id=\"6484c35\" data-element_type=\"column\">\n\t\t\t<div class=\"elementor-widget-wrap elementor-element-populated\">\n\t\t\t\t\t\t<div class=\"elementor-element elementor-element-92553e7 elementor-widget elementor-widget-image\" data-id=\"92553e7\" data-element_type=\"widget\" data-widget_type=\"image.default\">\n\t\t\t\t<div class=\"elementor-widget-container\">\n\t\t\t\t\t\t\t\t\t\t\t\t\t\t\t<img decoding=\"async\" width=\"1024\" height=\"768\" src=\"https:\/\/restaurantcanllobet.es\/wp-content\/uploads\/2023\/07\/IMG_2647-1024x768.jpg\" class=\"attachment-large size-large wp-image-250\" alt=\"\" srcset=\"https:\/\/restaurantcanllobet.es\/wp-content\/uploads\/2023\/07\/IMG_2647-1024x768.jpg 1024w, https:\/\/restaurantcanllobet.es\/wp-content\/uploads\/2023\/07\/IMG_2647-300x225.jpg 300w, https:\/\/restaurantcanllobet.es\/wp-content\/uploads\/2023\/07\/IMG_2647-768x576.jpg 768w, https:\/\/restaurantcanllobet.es\/wp-content\/uploads\/2023\/07\/IMG_2647.jpg 1360w\" sizes=\"(max-width: 1024px) 100vw, 1024px\" \/>\t\t\t\t\t\t\t\t\t\t\t\t\t\t\t<\/div>\n\t\t\t\t<\/div>\n\t\t\t\t\t<\/div>\n\t\t<\/div>\n\t\t\t\t\t<\/div>\n\t\t<\/section>\n\t\t\t\t\t<\/div>\n\t\t<\/div>\n\t\t\t\t\t<\/div>\n\t\t<\/section>\n\t\t\t\t<\/div>\n\t\t","protected":false},"excerpt":{"rendered":"<p>Qui\u00e9nes Somos Can\u00a0Llobet, un restaurante especializado en carnes a la brasa.Desde 1982 en Santa Perp\u00e8tua de Mogoda Est\u00e1s organizando una comida con los amigos y no sabes donde ir?Vienes en Santa Perp\u00e8tua de Mogoda de visita y quieres ir a comer a un buen restaurante? Quieres sorprender a tu pareja con una comida espectacular? Al &hellip;<\/p>\n<p class=\"read-more\"> <a class=\"\" href=\"https:\/\/restaurantcanllobet.es\/es\/quienes-somos\/\"> <span class=\"screen-reader-text\">QUIENES SOMOS<\/span> Leer m\u00e1s \u00bb<\/a><\/p>\n","protected":false},"author":1,"featured_media":0,"parent":0,"menu_order":0,"comment_status":"closed","ping_status":"closed","template":"","meta":{"site-sidebar-layout":"no-sidebar","site-content-layout":"page-builder","ast-global-header-display":"","ast-main-header-display":"","ast-hfb-above-header-display":"","ast-hfb-below-header-display":"","ast-hfb-mobile-header-display":"","site-post-title":"disabled","ast-breadcrumbs-content":"","ast-featured-img":"disabled","footer-sml-layout":"","theme-transparent-header-meta":"default","adv-header-id-meta":"","stick-header-meta":"default","header-above-stick-meta":"","header-main-stick-meta":"","header-below-stick-meta":"","footnotes":""},"class_list":["post-918","page","type-page","status-publish","hentry"],"yoast_head":"<!-- This site is optimized with the Yoast SEO plugin v20.12 - https:\/\/yoast.com\/wordpress\/plugins\/seo\/ -->\n<title>QUIENES SOMOS - Can Llobet<\/title>\n<meta name=\"robots\" content=\"index, follow, max-snippet:-1, max-image-preview:large, max-video-preview:-1\" \/>\n<link rel=\"canonical\" href=\"https:\/\/restaurantcanllobet.es\/es\/quienes-somos\/\" \/>\n<meta property=\"og:locale\" content=\"es_ES\" \/>\n<meta property=\"og:type\" content=\"article\" \/>\n<meta property=\"og:title\" content=\"QUIENES SOMOS - Can Llobet\" \/>\n<meta property=\"og:description\" content=\"Qui\u00e9nes Somos Can\u00a0Llobet, un restaurante especializado en carnes a la brasa.Desde 1982 en Santa Perp\u00e8tua de Mogoda Est\u00e1s organizando una comida con los amigos y no sabes donde ir?Vienes en Santa Perp\u00e8tua de Mogoda de visita y quieres ir a comer a un buen restaurante? Quieres sorprender a tu pareja con una comida espectacular? Al &hellip; QUIENES SOMOS Leer m\u00e1s \u00bb\" \/>\n<meta property=\"og:url\" content=\"https:\/\/restaurantcanllobet.es\/es\/quienes-somos\/\" \/>\n<meta property=\"og:site_name\" content=\"Can Llobet\" \/>\n<meta property=\"article:modified_time\" content=\"2023-09-18T14:48:12+00:00\" \/>\n<meta property=\"og:image\" content=\"https:\/\/restaurantcanllobet.es\/wp-content\/uploads\/2023\/07\/IMG_20221002_151200-1024x768.jpg\" \/>\n<meta name=\"twitter:card\" content=\"summary_large_image\" \/>\n<meta name=\"twitter:label1\" content=\"Tiempo de lectura\" \/>\n\t<meta name=\"twitter:data1\" content=\"3 minutos\" \/>\n<script type=\"application\/ld+json\" class=\"yoast-schema-graph\">{\"@context\":\"https:\/\/schema.org\",\"@graph\":[{\"@type\":\"WebPage\",\"@id\":\"https:\/\/restaurantcanllobet.es\/es\/quienes-somos\/\",\"url\":\"https:\/\/restaurantcanllobet.es\/es\/quienes-somos\/\",\"name\":\"QUIENES SOMOS - Can Llobet\",\"isPartOf\":{\"@id\":\"https:\/\/restaurantcanllobet.es\/#website\"},\"datePublished\":\"2023-07-27T13:09:33+00:00\",\"dateModified\":\"2023-09-18T14:48:12+00:00\",\"breadcrumb\":{\"@id\":\"https:\/\/restaurantcanllobet.es\/es\/quienes-somos\/#breadcrumb\"},\"inLanguage\":\"es\",\"potentialAction\":[{\"@type\":\"ReadAction\",\"target\":[\"https:\/\/restaurantcanllobet.es\/es\/quienes-somos\/\"]}]},{\"@type\":\"BreadcrumbList\",\"@id\":\"https:\/\/restaurantcanllobet.es\/es\/quienes-somos\/#breadcrumb\",\"itemListElement\":[{\"@type\":\"ListItem\",\"position\":1,\"name\":\"Home\",\"item\":\"https:\/\/restaurantcanllobet.es\/\"},{\"@type\":\"ListItem\",\"position\":2,\"name\":\"QUIENES SOMOS\"}]},{\"@type\":\"WebSite\",\"@id\":\"https:\/\/restaurantcanllobet.es\/#website\",\"url\":\"https:\/\/restaurantcanllobet.es\/\",\"name\":\"Can Llobet\",\"description\":\"Cetrex new project\",\"publisher\":{\"@id\":\"https:\/\/restaurantcanllobet.es\/#organization\"},\"potentialAction\":[{\"@type\":\"SearchAction\",\"target\":{\"@type\":\"EntryPoint\",\"urlTemplate\":\"https:\/\/restaurantcanllobet.es\/?s={search_term_string}\"},\"query-input\":\"required name=search_term_string\"}],\"inLanguage\":\"es\"},{\"@type\":\"Organization\",\"@id\":\"https:\/\/restaurantcanllobet.es\/#organization\",\"name\":\"Can Llobet\",\"url\":\"https:\/\/restaurantcanllobet.es\/\",\"logo\":{\"@type\":\"ImageObject\",\"inLanguage\":\"es\",\"@id\":\"https:\/\/restaurantcanllobet.es\/#\/schema\/logo\/image\/\",\"url\":\"https:\/\/restaurantcanllobet.es\/wp-content\/uploads\/2023\/08\/cropped-Sin-titulo-1_Mesa-de-trabajo-1-1.png\",\"contentUrl\":\"https:\/\/restaurantcanllobet.es\/wp-content\/uploads\/2023\/08\/cropped-Sin-titulo-1_Mesa-de-trabajo-1-1.png\",\"width\":240,\"height\":241,\"caption\":\"Can Llobet\"},\"image\":{\"@id\":\"https:\/\/restaurantcanllobet.es\/#\/schema\/logo\/image\/\"}}]}<\/script>\n<!-- \/ Yoast SEO plugin. -->","yoast_head_json":{"title":"QUIENES SOMOS - Can Llobet","robots":{"index":"index","follow":"follow","max-snippet":"max-snippet:-1","max-image-preview":"max-image-preview:large","max-video-preview":"max-video-preview:-1"},"canonical":"https:\/\/restaurantcanllobet.es\/es\/quienes-somos\/","og_locale":"es_ES","og_type":"article","og_title":"QUIENES SOMOS - Can Llobet","og_description":"Qui\u00e9nes Somos Can\u00a0Llobet, un restaurante especializado en carnes a la brasa.Desde 1982 en Santa Perp\u00e8tua de Mogoda Est\u00e1s organizando una comida con los amigos y no sabes donde ir?Vienes en Santa Perp\u00e8tua de Mogoda de visita y quieres ir a comer a un buen restaurante? Quieres sorprender a tu pareja con una comida espectacular? Al &hellip; QUIENES SOMOS Leer m\u00e1s \u00bb","og_url":"https:\/\/restaurantcanllobet.es\/es\/quienes-somos\/","og_site_name":"Can Llobet","article_modified_time":"2023-09-18T14:48:12+00:00","og_image":[{"url":"https:\/\/restaurantcanllobet.es\/wp-content\/uploads\/2023\/07\/IMG_20221002_151200-1024x768.jpg"}],"twitter_card":"summary_large_image","twitter_misc":{"Tiempo de lectura":"3 minutos"},"schema":{"@context":"https:\/\/schema.org","@graph":[{"@type":"WebPage","@id":"https:\/\/restaurantcanllobet.es\/es\/quienes-somos\/","url":"https:\/\/restaurantcanllobet.es\/es\/quienes-somos\/","name":"QUIENES SOMOS - Can Llobet","isPartOf":{"@id":"https:\/\/restaurantcanllobet.es\/#website"},"datePublished":"2023-07-27T13:09:33+00:00","dateModified":"2023-09-18T14:48:12+00:00","breadcrumb":{"@id":"https:\/\/restaurantcanllobet.es\/es\/quienes-somos\/#breadcrumb"},"inLanguage":"es","potentialAction":[{"@type":"ReadAction","target":["https:\/\/restaurantcanllobet.es\/es\/quienes-somos\/"]}]},{"@type":"BreadcrumbList","@id":"https:\/\/restaurantcanllobet.es\/es\/quienes-somos\/#breadcrumb","itemListElement":[{"@type":"ListItem","position":1,"name":"Home","item":"https:\/\/restaurantcanllobet.es\/"},{"@type":"ListItem","position":2,"name":"QUIENES SOMOS"}]},{"@type":"WebSite","@id":"https:\/\/restaurantcanllobet.es\/#website","url":"https:\/\/restaurantcanllobet.es\/","name":"Can Llobet","description":"Cetrex new project","publisher":{"@id":"https:\/\/restaurantcanllobet.es\/#organization"},"potentialAction":[{"@type":"SearchAction","target":{"@type":"EntryPoint","urlTemplate":"https:\/\/restaurantcanllobet.es\/?s={search_term_string}"},"query-input":"required name=search_term_string"}],"inLanguage":"es"},{"@type":"Organization","@id":"https:\/\/restaurantcanllobet.es\/#organization","name":"Can Llobet","url":"https:\/\/restaurantcanllobet.es\/","logo":{"@type":"ImageObject","inLanguage":"es","@id":"https:\/\/restaurantcanllobet.es\/#\/schema\/logo\/image\/","url":"https:\/\/restaurantcanllobet.es\/wp-content\/uploads\/2023\/08\/cropped-Sin-titulo-1_Mesa-de-trabajo-1-1.png","contentUrl":"https:\/\/restaurantcanllobet.es\/wp-content\/uploads\/2023\/08\/cropped-Sin-titulo-1_Mesa-de-trabajo-1-1.png","width":240,"height":241,"caption":"Can Llobet"},"image":{"@id":"https:\/\/restaurantcanllobet.es\/#\/schema\/logo\/image\/"}}]}},"_links":{"self":[{"href":"https:\/\/restaurantcanllobet.es\/es\/wp-json\/wp\/v2\/pages\/918","targetHints":{"allow":["GET"]}}],"collection":[{"href":"https:\/\/restaurantcanllobet.es\/es\/wp-json\/wp\/v2\/pages"}],"about":[{"href":"https:\/\/restaurantcanllobet.es\/es\/wp-json\/wp\/v2\/types\/page"}],"author":[{"embeddable":true,"href":"https:\/\/restaurantcanllobet.es\/es\/wp-json\/wp\/v2\/users\/1"}],"replies":[{"embeddable":true,"href":"https:\/\/restaurantcanllobet.es\/es\/wp-json\/wp\/v2\/comments?post=918"}],"version-history":[{"count":17,"href":"https:\/\/restaurantcanllobet.es\/es\/wp-json\/wp\/v2\/pages\/918\/revisions"}],"predecessor-version":[{"id":1106,"href":"https:\/\/restaurantcanllobet.es\/es\/wp-json\/wp\/v2\/pages\/918\/revisions\/1106"}],"wp:attachment":[{"href":"https:\/\/restaurantcanllobet.es\/es\/wp-json\/wp\/v2\/media?parent=918"}],"curies":[{"name":"wp","href":"https:\/\/api.w.org\/{rel}","templated":true}]}}