{"id":917,"date":"2023-07-26T12:18:23","date_gmt":"2023-07-26T12:18:23","guid":{"rendered":"https:\/\/restaurantcanllobet.es\/menu\/menu-per-grups\/"},"modified":"2026-01-07T16:52:15","modified_gmt":"2026-01-07T16:52:15","slug":"menu-para-grupos","status":"publish","type":"page","link":"https:\/\/restaurantcanllobet.es\/es\/menu\/menu-para-grupos\/","title":{"rendered":"MEN\u00da PARA GRUPOS"},"content":{"rendered":"\t\t<div data-elementor-type=\"wp-page\" data-elementor-id=\"917\" class=\"elementor elementor-917\" data-elementor-post-type=\"page\">\n\t\t\t\t\t\t<section class=\"elementor-section elementor-top-section elementor-element elementor-element-4997c3b elementor-section-boxed elementor-section-height-default elementor-section-height-default\" data-id=\"4997c3b\" data-element_type=\"section\" data-settings=\"{&quot;background_background&quot;:&quot;classic&quot;}\">\n\t\t\t\t\t\t\t<div class=\"elementor-background-overlay\"><\/div>\n\t\t\t\t\t\t\t<div class=\"elementor-container elementor-column-gap-default\">\n\t\t\t\t\t<div class=\"elementor-column elementor-col-100 elementor-top-column elementor-element elementor-element-f895224\" data-id=\"f895224\" data-element_type=\"column\">\n\t\t\t<div class=\"elementor-widget-wrap elementor-element-populated\">\n\t\t\t\t\t\t<div class=\"elementor-element elementor-element-03bb8c7 elementor-widget elementor-widget-heading\" data-id=\"03bb8c7\" data-element_type=\"widget\" data-widget_type=\"heading.default\">\n\t\t\t\t<div class=\"elementor-widget-container\">\n\t\t\t\t\t<h1 class=\"elementor-heading-title elementor-size-default\">Men\u00fa para grupos\n\n<\/h1>\t\t\t\t<\/div>\n\t\t\t\t<\/div>\n\t\t\t\t<div class=\"elementor-element elementor-element-a8af7d0 elementor-widget elementor-widget-text-editor\" data-id=\"a8af7d0\" data-element_type=\"widget\" data-widget_type=\"text-editor.default\">\n\t\t\t\t<div class=\"elementor-widget-container\">\n\t\t\t\t\t\t\t\t\t<p style=\"text-align: center;\">A partir de 8 personas<\/p>\t\t\t\t\t\t\t\t<\/div>\n\t\t\t\t<\/div>\n\t\t\t\t<section class=\"elementor-section elementor-inner-section elementor-element elementor-element-9d28845 elementor-section-boxed elementor-section-height-default elementor-section-height-default\" data-id=\"9d28845\" data-element_type=\"section\">\n\t\t\t\t\t\t<div class=\"elementor-container elementor-column-gap-default\">\n\t\t\t\t\t<div class=\"elementor-column elementor-col-100 elementor-inner-column elementor-element elementor-element-932467e\" data-id=\"932467e\" data-element_type=\"column\" data-settings=\"{&quot;background_background&quot;:&quot;classic&quot;}\">\n\t\t\t<div class=\"elementor-widget-wrap elementor-element-populated\">\n\t\t\t\t\t\t<div class=\"elementor-element elementor-element-cd14438 elementor-widget elementor-widget-heading\" data-id=\"cd14438\" data-element_type=\"widget\" data-widget_type=\"heading.default\">\n\t\t\t\t<div class=\"elementor-widget-container\">\n\t\t\t\t\t<h2 class=\"elementor-heading-title elementor-size-default\">PARA COMPARTIR<\/h2>\t\t\t\t<\/div>\n\t\t\t\t<\/div>\n\t\t\t\t<div class=\"elementor-element elementor-element-c3c3873 elementor-widget elementor-widget-text-editor\" data-id=\"c3c3873\" data-element_type=\"widget\" data-widget_type=\"text-editor.default\">\n\t\t\t\t<div class=\"elementor-widget-container\">\n\t\t\t\t\t\t\t\t\t<p><strong>Papada de\u00a0Cerdo\u00a0a Baja Temperatura<\/strong>,<br \/>con Langostino a la plancha y reducci\u00f3n de Pedro Xim\u00e9nez (gluten free)<\/p><p><strong>Croquetas Caseras<\/strong><br \/><strong>de Pollo con Jam\u00f3n<\/strong> (8 unidades)<\/p><p><strong>Tacos\u00a0de Cordero Confitado<\/strong><br \/>con Guacamole casero, Cebolla roja encurtida y salsa Romesco (4 unidades)<\/p><p><strong>Huevos Estrellados<\/strong><br \/>con \u00a0Jam\u00f3n Ib\u00e9rico D.O. Extremadura y patatas fritas (gluten free)<\/p><p><strong>Esp\u00e1rragos Verdes a la Brasa<\/strong><br \/>con Salsa Romesco (gluten free) (romesco contien gluten)<\/p>\t\t\t\t\t\t\t\t<\/div>\n\t\t\t\t<\/div>\n\t\t\t\t\t<\/div>\n\t\t<\/div>\n\t\t\t\t\t<\/div>\n\t\t<\/section>\n\t\t\t\t<section class=\"elementor-section elementor-inner-section elementor-element elementor-element-0e3b0bf elementor-section-boxed elementor-section-height-default elementor-section-height-default\" data-id=\"0e3b0bf\" data-element_type=\"section\">\n\t\t\t\t\t\t<div class=\"elementor-container elementor-column-gap-default\">\n\t\t\t\t\t<div class=\"elementor-column elementor-col-50 elementor-inner-column elementor-element elementor-element-9762638\" data-id=\"9762638\" data-element_type=\"column\" data-settings=\"{&quot;background_background&quot;:&quot;classic&quot;}\">\n\t\t\t<div class=\"elementor-widget-wrap elementor-element-populated\">\n\t\t\t\t\t\t<div class=\"elementor-element elementor-element-f3983b0 elementor-widget elementor-widget-heading\" data-id=\"f3983b0\" data-element_type=\"widget\" data-widget_type=\"heading.default\">\n\t\t\t\t<div class=\"elementor-widget-container\">\n\t\t\t\t\t<h2 class=\"elementor-heading-title elementor-size-default\">OPCI\u00d3N 1<\/h2>\t\t\t\t<\/div>\n\t\t\t\t<\/div>\n\t\t\t\t<div class=\"elementor-element elementor-element-046432c elementor-widget elementor-widget-text-editor\" data-id=\"046432c\" data-element_type=\"widget\" data-widget_type=\"text-editor.default\">\n\t\t\t\t<div class=\"elementor-widget-container\">\n\t\t\t\t\t\t\t\t\t<p><strong>Confit de Pato<\/strong>,<br \/>hecho al horno con patatas panaderes (gluten free)<\/p><p><strong>Tarrina de carrillera de Cerdo<\/strong><br \/>con boletus y el nuestro Parmentier de patata (gluten free)<\/p><p><strong>Costilla de Cerdo a Baja Temperatura<\/strong><br \/>acabada en J\u00f3sper con muselina de \u00aballioli\u00bb (gluten free)<\/p><p><strong>Nuestra Brasa<\/strong><br \/>A escoger: Butifarra, Manitas de cerdo, Pollo o Conejo (gluten free)<\/p><p><strong>Tataki\u00a0de At\u00fan<\/strong><br \/>con Guacamole Casero, Soja, ceboola encurtida y S\u00e9samo (gluten free) (soja contiene gluten)<\/p><p><strong>Lubina<\/strong><br \/>la pieza entera hecha a la brasa (gluten free)<\/p>\t\t\t\t\t\t\t\t<\/div>\n\t\t\t\t<\/div>\n\t\t\t\t<div class=\"elementor-element elementor-element-855626e elementor-widget elementor-widget-heading\" data-id=\"855626e\" data-element_type=\"widget\" data-widget_type=\"heading.default\">\n\t\t\t\t<div class=\"elementor-widget-container\">\n\t\t\t\t\t<h4 class=\"elementor-heading-title elementor-size-default\">38\u20ac<\/h4>\t\t\t\t<\/div>\n\t\t\t\t<\/div>\n\t\t\t\t\t<\/div>\n\t\t<\/div>\n\t\t\t\t<div class=\"elementor-column elementor-col-50 elementor-inner-column elementor-element elementor-element-2e71e70\" data-id=\"2e71e70\" data-element_type=\"column\" data-settings=\"{&quot;background_background&quot;:&quot;classic&quot;}\">\n\t\t\t<div class=\"elementor-widget-wrap elementor-element-populated\">\n\t\t\t\t\t\t<div class=\"elementor-element elementor-element-66369bf elementor-widget elementor-widget-heading\" data-id=\"66369bf\" data-element_type=\"widget\" data-widget_type=\"heading.default\">\n\t\t\t\t<div class=\"elementor-widget-container\">\n\t\t\t\t\t<h2 class=\"elementor-heading-title elementor-size-default\">OPCI\u00d3N 2<\/h2>\t\t\t\t<\/div>\n\t\t\t\t<\/div>\n\t\t\t\t<div class=\"elementor-element elementor-element-83c74ab elementor-widget elementor-widget-text-editor\" data-id=\"83c74ab\" data-element_type=\"widget\" data-widget_type=\"text-editor.default\">\n\t\t\t\t<div class=\"elementor-widget-container\">\n\t\t\t\t\t\t\t\t\t<p><strong>Entrecot de ternera<\/strong><br \/>hecho a la brasa (gluten free)<\/p><p><strong>\u00bd Espalda de Cordero<\/strong><br \/>Hecha al horno con Patatas Panadera (gluten free)<\/p><p><strong>Arroz<\/strong><br \/>Con Gamba Roja y Calamares (gluten free)<\/p><p><strong>Bacalao a la Brasa<\/strong><br \/>Gratinado con muselina de \u00aballioli\u00bb y fondo de Espinacas<\/p><p><strong>Combinado de Gambas y Calamares<\/strong><br \/>Hechos a la Plancha con Picadura de Ajo y Perejil (gluten free)<\/p>\t\t\t\t\t\t\t\t<\/div>\n\t\t\t\t<\/div>\n\t\t\t\t<div class=\"elementor-element elementor-element-7d75fd3 elementor-widget elementor-widget-heading\" data-id=\"7d75fd3\" data-element_type=\"widget\" data-widget_type=\"heading.default\">\n\t\t\t\t<div class=\"elementor-widget-container\">\n\t\t\t\t\t<h4 class=\"elementor-heading-title elementor-size-default\">48\u20ac<\/h4>\t\t\t\t<\/div>\n\t\t\t\t<\/div>\n\t\t\t\t\t<\/div>\n\t\t<\/div>\n\t\t\t\t\t<\/div>\n\t\t<\/section>\n\t\t\t\t<section class=\"elementor-section elementor-inner-section elementor-element elementor-element-84a9391 elementor-section-boxed elementor-section-height-default elementor-section-height-default\" data-id=\"84a9391\" data-element_type=\"section\">\n\t\t\t\t\t\t<div class=\"elementor-container elementor-column-gap-default\">\n\t\t\t\t\t<div class=\"elementor-column elementor-col-100 elementor-inner-column elementor-element elementor-element-9f01758\" data-id=\"9f01758\" data-element_type=\"column\" data-settings=\"{&quot;background_background&quot;:&quot;classic&quot;}\">\n\t\t\t<div class=\"elementor-widget-wrap elementor-element-populated\">\n\t\t\t\t\t\t<div class=\"elementor-element elementor-element-8dc512c elementor-widget elementor-widget-heading\" data-id=\"8dc512c\" data-element_type=\"widget\" data-widget_type=\"heading.default\">\n\t\t\t\t<div class=\"elementor-widget-container\">\n\t\t\t\t\t<h2 class=\"elementor-heading-title elementor-size-default\">PARA ACABAR<\/h2>\t\t\t\t<\/div>\n\t\t\t\t<\/div>\n\t\t\t\t<div class=\"elementor-element elementor-element-7818b9f elementor-widget elementor-widget-text-editor\" data-id=\"7818b9f\" data-element_type=\"widget\" data-widget_type=\"text-editor.default\">\n\t\t\t\t<div class=\"elementor-widget-container\">\n\t\t\t\t\t\t\t\t\t<p><strong>La \u201cTorrija\u201d<\/strong><br \/>Con Crema Catalana caramelizada<\/p><p><strong>Pastel de Queso<\/strong><br \/>Con Frutos Rojos (gluten free)<\/p><p><strong>Crema Catalana<\/strong><br \/>caramelizada<\/p><p><strong>Sorbete<\/strong><br \/>De Lim\u00f3n<\/p><p><strong>Opci\u00f3n\u00a0Pastel de Celebraci\u00f3n<\/strong><br \/>Suplemento de 4,00\u20ac<\/p><p><strong>Bebidas y Caf\u00e9s<\/strong><br \/>No incluidos<\/p>\t\t\t\t\t\t\t\t<\/div>\n\t\t\t\t<\/div>\n\t\t\t\t\t<\/div>\n\t\t<\/div>\n\t\t\t\t\t<\/div>\n\t\t<\/section>\n\t\t\t\t\t<\/div>\n\t\t<\/div>\n\t\t\t\t\t<\/div>\n\t\t<\/section>\n\t\t\t\t<\/div>\n\t\t","protected":false},"excerpt":{"rendered":"<p>Men\u00fa para grupos A partir de 8 personas PARA COMPARTIR Papada de\u00a0Cerdo\u00a0a Baja Temperatura,con Langostino a la plancha y reducci\u00f3n de Pedro Xim\u00e9nez (gluten free) Croquetas Caserasde Pollo con Jam\u00f3n (8 unidades) Tacos\u00a0de Cordero Confitadocon Guacamole casero, Cebolla roja encurtida y salsa Romesco (4 unidades) Huevos Estrelladoscon \u00a0Jam\u00f3n Ib\u00e9rico D.O. Extremadura y patatas fritas (gluten &hellip;<\/p>\n<p class=\"read-more\"> <a class=\"\" href=\"https:\/\/restaurantcanllobet.es\/es\/menu\/menu-para-grupos\/\"> <span class=\"screen-reader-text\">MEN\u00da PARA GRUPOS<\/span> Leer m\u00e1s \u00bb<\/a><\/p>\n","protected":false},"author":1,"featured_media":0,"parent":915,"menu_order":0,"comment_status":"closed","ping_status":"closed","template":"","meta":{"site-sidebar-layout":"no-sidebar","site-content-layout":"page-builder","ast-global-header-display":"","ast-main-header-display":"","ast-hfb-above-header-display":"","ast-hfb-below-header-display":"","ast-hfb-mobile-header-display":"","site-post-title":"disabled","ast-breadcrumbs-content":"","ast-featured-img":"disabled","footer-sml-layout":"","theme-transparent-header-meta":"default","adv-header-id-meta":"","stick-header-meta":"default","header-above-stick-meta":"","header-main-stick-meta":"","header-below-stick-meta":"","footnotes":""},"class_list":["post-917","page","type-page","status-publish","hentry"],"yoast_head":"<!-- This site is optimized with the Yoast SEO plugin v20.12 - https:\/\/yoast.com\/wordpress\/plugins\/seo\/ -->\n<title>MEN\u00da PARA GRUPOS - Can Llobet<\/title>\n<meta name=\"robots\" content=\"index, follow, max-snippet:-1, max-image-preview:large, max-video-preview:-1\" \/>\n<link rel=\"canonical\" href=\"https:\/\/restaurantcanllobet.es\/menu\/menu-per-grups\/\" \/>\n<meta property=\"og:locale\" content=\"es_ES\" \/>\n<meta property=\"og:type\" content=\"article\" \/>\n<meta property=\"og:title\" content=\"MEN\u00da PARA GRUPOS - Can Llobet\" \/>\n<meta property=\"og:description\" content=\"Men\u00fa para grupos A partir de 8 personas PARA COMPARTIR Papada de\u00a0Cerdo\u00a0a Baja Temperatura,con Langostino a la plancha y reducci\u00f3n de Pedro Xim\u00e9nez (gluten free) Croquetas Caserasde Pollo con Jam\u00f3n (8 unidades) Tacos\u00a0de Cordero Confitadocon Guacamole casero, Cebolla roja encurtida y salsa Romesco (4 unidades) Huevos Estrelladoscon \u00a0Jam\u00f3n Ib\u00e9rico D.O. Extremadura y patatas fritas (gluten &hellip; MEN\u00da PARA GRUPOS Leer m\u00e1s \u00bb\" \/>\n<meta property=\"og:url\" content=\"https:\/\/restaurantcanllobet.es\/menu\/menu-per-grups\/\" \/>\n<meta property=\"og:site_name\" content=\"Can Llobet\" \/>\n<meta property=\"article:modified_time\" content=\"2026-01-07T16:52:15+00:00\" \/>\n<meta name=\"twitter:card\" content=\"summary_large_image\" \/>\n<meta name=\"twitter:label1\" content=\"Tiempo de lectura\" \/>\n\t<meta name=\"twitter:data1\" content=\"2 minutos\" \/>\n<script type=\"application\/ld+json\" class=\"yoast-schema-graph\">{\"@context\":\"https:\/\/schema.org\",\"@graph\":[{\"@type\":\"WebPage\",\"@id\":\"https:\/\/restaurantcanllobet.es\/menu\/menu-per-grups\/\",\"url\":\"https:\/\/restaurantcanllobet.es\/menu\/menu-per-grups\/\",\"name\":\"MEN\u00da PARA GRUPOS - Can Llobet\",\"isPartOf\":{\"@id\":\"https:\/\/restaurantcanllobet.es\/#website\"},\"datePublished\":\"2023-07-26T12:18:23+00:00\",\"dateModified\":\"2026-01-07T16:52:15+00:00\",\"breadcrumb\":{\"@id\":\"https:\/\/restaurantcanllobet.es\/menu\/menu-per-grups\/#breadcrumb\"},\"inLanguage\":\"es\",\"potentialAction\":[{\"@type\":\"ReadAction\",\"target\":[\"https:\/\/restaurantcanllobet.es\/menu\/menu-per-grups\/\"]}]},{\"@type\":\"BreadcrumbList\",\"@id\":\"https:\/\/restaurantcanllobet.es\/menu\/menu-per-grups\/#breadcrumb\",\"itemListElement\":[{\"@type\":\"ListItem\",\"position\":1,\"name\":\"Home\",\"item\":\"https:\/\/restaurantcanllobet.es\/\"},{\"@type\":\"ListItem\",\"position\":2,\"name\":\"MEN\u00da\",\"item\":\"https:\/\/restaurantcanllobet.es\/es\/menu\/\"},{\"@type\":\"ListItem\",\"position\":3,\"name\":\"MEN\u00da PARA GRUPOS\"}]},{\"@type\":\"WebSite\",\"@id\":\"https:\/\/restaurantcanllobet.es\/#website\",\"url\":\"https:\/\/restaurantcanllobet.es\/\",\"name\":\"Can Llobet\",\"description\":\"Cetrex new project\",\"publisher\":{\"@id\":\"https:\/\/restaurantcanllobet.es\/#organization\"},\"potentialAction\":[{\"@type\":\"SearchAction\",\"target\":{\"@type\":\"EntryPoint\",\"urlTemplate\":\"https:\/\/restaurantcanllobet.es\/?s={search_term_string}\"},\"query-input\":\"required name=search_term_string\"}],\"inLanguage\":\"es\"},{\"@type\":\"Organization\",\"@id\":\"https:\/\/restaurantcanllobet.es\/#organization\",\"name\":\"Can Llobet\",\"url\":\"https:\/\/restaurantcanllobet.es\/\",\"logo\":{\"@type\":\"ImageObject\",\"inLanguage\":\"es\",\"@id\":\"https:\/\/restaurantcanllobet.es\/#\/schema\/logo\/image\/\",\"url\":\"https:\/\/restaurantcanllobet.es\/wp-content\/uploads\/2023\/08\/cropped-Sin-titulo-1_Mesa-de-trabajo-1-1.png\",\"contentUrl\":\"https:\/\/restaurantcanllobet.es\/wp-content\/uploads\/2023\/08\/cropped-Sin-titulo-1_Mesa-de-trabajo-1-1.png\",\"width\":240,\"height\":241,\"caption\":\"Can Llobet\"},\"image\":{\"@id\":\"https:\/\/restaurantcanllobet.es\/#\/schema\/logo\/image\/\"}}]}<\/script>\n<!-- \/ Yoast SEO plugin. -->","yoast_head_json":{"title":"MEN\u00da PARA GRUPOS - Can Llobet","robots":{"index":"index","follow":"follow","max-snippet":"max-snippet:-1","max-image-preview":"max-image-preview:large","max-video-preview":"max-video-preview:-1"},"canonical":"https:\/\/restaurantcanllobet.es\/menu\/menu-per-grups\/","og_locale":"es_ES","og_type":"article","og_title":"MEN\u00da PARA GRUPOS - Can Llobet","og_description":"Men\u00fa para grupos A partir de 8 personas PARA COMPARTIR Papada de\u00a0Cerdo\u00a0a Baja Temperatura,con Langostino a la plancha y reducci\u00f3n de Pedro Xim\u00e9nez (gluten free) Croquetas Caserasde Pollo con Jam\u00f3n (8 unidades) Tacos\u00a0de Cordero Confitadocon Guacamole casero, Cebolla roja encurtida y salsa Romesco (4 unidades) Huevos Estrelladoscon \u00a0Jam\u00f3n Ib\u00e9rico D.O. Extremadura y patatas fritas (gluten &hellip; MEN\u00da PARA GRUPOS Leer m\u00e1s \u00bb","og_url":"https:\/\/restaurantcanllobet.es\/menu\/menu-per-grups\/","og_site_name":"Can Llobet","article_modified_time":"2026-01-07T16:52:15+00:00","twitter_card":"summary_large_image","twitter_misc":{"Tiempo de lectura":"2 minutos"},"schema":{"@context":"https:\/\/schema.org","@graph":[{"@type":"WebPage","@id":"https:\/\/restaurantcanllobet.es\/menu\/menu-per-grups\/","url":"https:\/\/restaurantcanllobet.es\/menu\/menu-per-grups\/","name":"MEN\u00da PARA GRUPOS - Can Llobet","isPartOf":{"@id":"https:\/\/restaurantcanllobet.es\/#website"},"datePublished":"2023-07-26T12:18:23+00:00","dateModified":"2026-01-07T16:52:15+00:00","breadcrumb":{"@id":"https:\/\/restaurantcanllobet.es\/menu\/menu-per-grups\/#breadcrumb"},"inLanguage":"es","potentialAction":[{"@type":"ReadAction","target":["https:\/\/restaurantcanllobet.es\/menu\/menu-per-grups\/"]}]},{"@type":"BreadcrumbList","@id":"https:\/\/restaurantcanllobet.es\/menu\/menu-per-grups\/#breadcrumb","itemListElement":[{"@type":"ListItem","position":1,"name":"Home","item":"https:\/\/restaurantcanllobet.es\/"},{"@type":"ListItem","position":2,"name":"MEN\u00da","item":"https:\/\/restaurantcanllobet.es\/es\/menu\/"},{"@type":"ListItem","position":3,"name":"MEN\u00da PARA GRUPOS"}]},{"@type":"WebSite","@id":"https:\/\/restaurantcanllobet.es\/#website","url":"https:\/\/restaurantcanllobet.es\/","name":"Can Llobet","description":"Cetrex new project","publisher":{"@id":"https:\/\/restaurantcanllobet.es\/#organization"},"potentialAction":[{"@type":"SearchAction","target":{"@type":"EntryPoint","urlTemplate":"https:\/\/restaurantcanllobet.es\/?s={search_term_string}"},"query-input":"required name=search_term_string"}],"inLanguage":"es"},{"@type":"Organization","@id":"https:\/\/restaurantcanllobet.es\/#organization","name":"Can Llobet","url":"https:\/\/restaurantcanllobet.es\/","logo":{"@type":"ImageObject","inLanguage":"es","@id":"https:\/\/restaurantcanllobet.es\/#\/schema\/logo\/image\/","url":"https:\/\/restaurantcanllobet.es\/wp-content\/uploads\/2023\/08\/cropped-Sin-titulo-1_Mesa-de-trabajo-1-1.png","contentUrl":"https:\/\/restaurantcanllobet.es\/wp-content\/uploads\/2023\/08\/cropped-Sin-titulo-1_Mesa-de-trabajo-1-1.png","width":240,"height":241,"caption":"Can Llobet"},"image":{"@id":"https:\/\/restaurantcanllobet.es\/#\/schema\/logo\/image\/"}}]}},"_links":{"self":[{"href":"https:\/\/restaurantcanllobet.es\/es\/wp-json\/wp\/v2\/pages\/917","targetHints":{"allow":["GET"]}}],"collection":[{"href":"https:\/\/restaurantcanllobet.es\/es\/wp-json\/wp\/v2\/pages"}],"about":[{"href":"https:\/\/restaurantcanllobet.es\/es\/wp-json\/wp\/v2\/types\/page"}],"author":[{"embeddable":true,"href":"https:\/\/restaurantcanllobet.es\/es\/wp-json\/wp\/v2\/users\/1"}],"replies":[{"embeddable":true,"href":"https:\/\/restaurantcanllobet.es\/es\/wp-json\/wp\/v2\/comments?post=917"}],"version-history":[{"count":38,"href":"https:\/\/restaurantcanllobet.es\/es\/wp-json\/wp\/v2\/pages\/917\/revisions"}],"predecessor-version":[{"id":6776,"href":"https:\/\/restaurantcanllobet.es\/es\/wp-json\/wp\/v2\/pages\/917\/revisions\/6776"}],"up":[{"embeddable":true,"href":"https:\/\/restaurantcanllobet.es\/es\/wp-json\/wp\/v2\/pages\/915"}],"wp:attachment":[{"href":"https:\/\/restaurantcanllobet.es\/es\/wp-json\/wp\/v2\/media?parent=917"}],"curies":[{"name":"wp","href":"https:\/\/api.w.org\/{rel}","templated":true}]}}