{"id":916,"date":"2023-07-26T11:40:34","date_gmt":"2023-07-26T11:40:34","guid":{"rendered":"https:\/\/restaurantcanllobet.es\/menu\/menu-diari\/"},"modified":"2026-01-08T09:54:30","modified_gmt":"2026-01-08T09:54:30","slug":"menu-diario","status":"publish","type":"page","link":"https:\/\/restaurantcanllobet.es\/es\/menu\/menu-diario\/","title":{"rendered":"MEN\u00da DIARIO"},"content":{"rendered":"\t\t<div data-elementor-type=\"wp-page\" data-elementor-id=\"916\" class=\"elementor elementor-916\" data-elementor-post-type=\"page\">\n\t\t\t\t\t\t<section class=\"elementor-section elementor-top-section elementor-element elementor-element-5f1330f elementor-section-boxed elementor-section-height-default elementor-section-height-default\" data-id=\"5f1330f\" data-element_type=\"section\" data-settings=\"{&quot;background_background&quot;:&quot;classic&quot;}\">\n\t\t\t\t\t\t\t<div class=\"elementor-background-overlay\"><\/div>\n\t\t\t\t\t\t\t<div class=\"elementor-container elementor-column-gap-default\">\n\t\t\t\t\t<div class=\"elementor-column elementor-col-100 elementor-top-column elementor-element elementor-element-959c589\" data-id=\"959c589\" data-element_type=\"column\">\n\t\t\t<div class=\"elementor-widget-wrap elementor-element-populated\">\n\t\t\t\t\t\t<div class=\"elementor-element elementor-element-26501a3 elementor-widget elementor-widget-heading\" data-id=\"26501a3\" data-element_type=\"widget\" data-widget_type=\"heading.default\">\n\t\t\t\t<div class=\"elementor-widget-container\">\n\t\t\t\t\t<h1 class=\"elementor-heading-title elementor-size-default\">Men\u00fa diario\n\n<\/h1>\t\t\t\t<\/div>\n\t\t\t\t<\/div>\n\t\t\t\t<section class=\"elementor-section elementor-inner-section elementor-element elementor-element-ae7a562 elementor-section-boxed elementor-section-height-default elementor-section-height-default\" data-id=\"ae7a562\" data-element_type=\"section\">\n\t\t\t\t\t\t<div class=\"elementor-container elementor-column-gap-default\">\n\t\t\t\t\t<div class=\"elementor-column elementor-col-33 elementor-inner-column elementor-element elementor-element-e3dd64c\" data-id=\"e3dd64c\" data-element_type=\"column\" data-settings=\"{&quot;background_background&quot;:&quot;classic&quot;}\">\n\t\t\t<div class=\"elementor-widget-wrap elementor-element-populated\">\n\t\t\t\t\t\t<div class=\"elementor-element elementor-element-dd47cfc elementor-widget elementor-widget-heading\" data-id=\"dd47cfc\" data-element_type=\"widget\" data-widget_type=\"heading.default\">\n\t\t\t\t<div class=\"elementor-widget-container\">\n\t\t\t\t\t<h2 class=\"elementor-heading-title elementor-size-default\">PRIMEROS<\/h2>\t\t\t\t<\/div>\n\t\t\t\t<\/div>\n\t\t\t\t<div class=\"elementor-element elementor-element-a8b9a41 elementor-widget elementor-widget-text-editor\" data-id=\"a8b9a41\" data-element_type=\"widget\" data-widget_type=\"text-editor.default\">\n\t\t\t\t<div class=\"elementor-widget-container\">\n\t\t\t\t\t\t\t\t\t<p><strong><em><span style=\"vertical-align: inherit;\">Vichyssoise de Puerros i Calabac\u00edn<\/span><br \/><\/em><\/strong><span style=\"vertical-align: inherit;\"> con langostinops y picatostes (gluten free) (pan contiene gluten)<\/span><\/p><p><strong><em><span style=\"vertical-align: inherit;\">Xat\u00f3<\/span><br \/><\/em><\/strong><span style=\"vertical-align: inherit;\"> escarola, bacalao, at\u00fan, tortilla de judias, anchoa i romesco<\/span><\/p><p><strong><em><span style=\"vertical-align: inherit;\">Tomate Al\u00f1ado<\/span><br \/><\/em><\/strong><span style=\"vertical-align: inherit;\"> con pepino, at\u00fan y aceitunas de Arag\u00f3n (pan cuento gluten) (gluten free)<\/span><\/p><p><strong><em><span style=\"vertical-align: inherit;\">Timbal de Berenjena Asada<\/span><br \/><\/em><\/strong><span style=\"vertical-align: inherit;\"> con t\u00e0rtar de Salm\u00f3n y maionesa de soja<\/span><\/p><p><strong><em><span style=\"vertical-align: inherit;\">Habitas confitadas<\/span><br \/><\/em><\/strong><span style=\"vertical-align: inherit;\"> con jam\u00f3n y huevo poche (gluten free)<\/span><\/p><p><strong><em><span style=\"vertical-align: inherit;\">Esp\u00e1rragos Verdes i Champi\u00f1on Portobello a la brasa<\/span><br \/><\/em><\/strong><span style=\"vertical-align: inherit;\"> con ximixurri i romesco<\/span><\/p><p><span style=\"vertical-align: inherit;\"><i style=\"font-weight: bold;\">Canelones de Cordero Aado<\/i>con bechamel de boletus i virutas de queso curado<\/span><\/p><p><strong><em>Anchoas del Cant\u00e1brico<br \/><\/em><\/strong>con pimiento asado y pan de coca tostado con tomate (sup. 5,50\u20ac)<\/p><p><strong><em>Huevos Estrellados<br \/><\/em><\/strong>conjam\u00f3n ib\u00e9rico y patatas fritas (sup. 3,50\u20ac)<\/p><p><strong><em>Caracoles a la \u00abllauna\u00bb<br \/><\/em><\/strong><em>con ajo y perejil (sup. 5,50\u20ac) (gluten free)<\/em><\/p>\t\t\t\t\t\t\t\t<\/div>\n\t\t\t\t<\/div>\n\t\t\t\t\t<\/div>\n\t\t<\/div>\n\t\t\t\t<div class=\"elementor-column elementor-col-33 elementor-inner-column elementor-element elementor-element-3d5a837\" data-id=\"3d5a837\" data-element_type=\"column\" data-settings=\"{&quot;background_background&quot;:&quot;classic&quot;}\">\n\t\t\t<div class=\"elementor-widget-wrap elementor-element-populated\">\n\t\t\t\t\t\t<div class=\"elementor-element elementor-element-28d29f2 elementor-widget elementor-widget-heading\" data-id=\"28d29f2\" data-element_type=\"widget\" data-widget_type=\"heading.default\">\n\t\t\t\t<div class=\"elementor-widget-container\">\n\t\t\t\t\t<h2 class=\"elementor-heading-title elementor-size-default\">SEGUNDOS<\/h2>\t\t\t\t<\/div>\n\t\t\t\t<\/div>\n\t\t\t\t<div class=\"elementor-element elementor-element-14e3545 elementor-widget elementor-widget-text-editor\" data-id=\"14e3545\" data-element_type=\"widget\" data-widget_type=\"text-editor.default\">\n\t\t\t\t<div class=\"elementor-widget-container\">\n\t\t\t\t\t\t\t\t\t<p><strong><span style=\"vertical-align: inherit;\">Pescado <\/span><\/strong><span style=\"vertical-align: inherit;\"><strong>del d\u00eda <\/strong><em>\u00a0a la plancha o brasa con ajo y perejil (gluten free)<\/em><\/span><strong>\u00a0<\/strong><strong><br \/><\/strong><\/p><p><strong><em><span style=\"vertical-align: inherit;\">Crujiente de Muslo de Pollo deshuesado<\/span><br \/><\/em><\/strong><span style=\"vertical-align: inherit;\"> con salsa teriyaki y nuestro parmentier de patata<\/span><\/p><p><strong><em><span style=\"vertical-align: inherit;\">Albondigas Guisadas<\/span><br \/><\/em><\/strong><span style=\"vertical-align: inherit;\"> con setas i piparras de Navarra<\/span><\/p><p><strong><em><span style=\"vertical-align: inherit;\">Carrillera de Cerdo asada al Oporto<\/span><br \/><\/em><\/strong><span style=\"vertical-align: inherit;\"> con nuestro parmentier de patata (gluten free)<\/span><\/p><p><strong><em><span style=\"vertical-align: inherit;\">Arroz Mar y Monta\u00f1a<\/span><br \/><\/em><\/strong><span style=\"vertical-align: inherit;\">pollo, conejo, cerdo, calamares, almejas, langostino i mejillon (gluten free)\u00a0<em>sup. 2,00\u20ac (individual y hecha en el momento 15\/20 min.)<\/em><\/span><\/p><p><strong><span style=\"vertical-align: inherit;\">Bacalao a la Llauna<\/span><br \/><\/strong><span style=\"vertical-align: inherit;\"> con jud\u00edas del Ganxet (sup. 6,50\u20ac)<\/span><\/p><p><strong><span style=\"vertical-align: inherit;\">Tataki de At\u00fan<\/span><br \/><\/strong><span style=\"vertical-align: inherit;\"> con guacamole casero, cebolla encurtida, soja i s\u00e9samo (soja contiene gluten) (sup. 5,50\u20ac)<\/span><\/p><p><strong><span style=\"vertical-align: inherit;\">Entrecot de Ternera<\/span><br \/><\/strong><span style=\"vertical-align: inherit;\"> fileteado a la brasa (gluten free) sup. 8,00\u20ac<\/span><\/p><p><span style=\"text-decoration: underline;\"><strong>A LA BRASA<\/strong><\/span><\/p><p>Pies de Cerdo, 1\/4 de Pollo, 1\/4 de Conejo o Butifarra con jud\u00edas<\/p><p>*Elecci\u00f3n de 2 segundos SUPLEMENTO 2,50\u20ac<br \/>*Canvio de guarnici\u00f3n (verdura\/ensalada\/jud\u00edas) SUPLEMENTO 1,50\u20ac<\/p>\t\t\t\t\t\t\t\t<\/div>\n\t\t\t\t<\/div>\n\t\t\t\t\t<\/div>\n\t\t<\/div>\n\t\t\t\t<div class=\"elementor-column elementor-col-33 elementor-inner-column elementor-element elementor-element-78a4294\" data-id=\"78a4294\" data-element_type=\"column\" data-settings=\"{&quot;background_background&quot;:&quot;classic&quot;}\">\n\t\t\t<div class=\"elementor-widget-wrap elementor-element-populated\">\n\t\t\t\t\t\t<div class=\"elementor-element elementor-element-4be3b4b elementor-widget elementor-widget-heading\" data-id=\"4be3b4b\" data-element_type=\"widget\" data-widget_type=\"heading.default\">\n\t\t\t\t<div class=\"elementor-widget-container\">\n\t\t\t\t\t<h2 class=\"elementor-heading-title elementor-size-default\">POSTRES<\/h2>\t\t\t\t<\/div>\n\t\t\t\t<\/div>\n\t\t\t\t<div class=\"elementor-element elementor-element-ef31f78 elementor-widget elementor-widget-text-editor\" data-id=\"ef31f78\" data-element_type=\"widget\" data-widget_type=\"text-editor.default\">\n\t\t\t\t<div class=\"elementor-widget-container\">\n\t\t\t\t\t\t\t\t\t<p><strong><em>Tarta de Santiago<br \/><\/em><\/strong><em>con moscatel (gluten free)<\/em><\/p><p><strong>Hojaldre con manzana<br \/><\/strong>y helado de nata<\/p><p><strong>Tarta de queso<br \/><\/strong><em>con coulis de frutos rojos (gluten free)<\/em><\/p><p><strong>Flan de huevo<br \/><\/strong><em>(gluten free)<\/em><\/p><p><strong>Reques\u00f3n con miel<br \/><\/strong><em>(gluten free)<\/em><\/p><p><strong>Crema catalana<br \/><\/strong><em>caramelizada<\/em><\/p><p><strong>Yogurt natural <br \/><\/strong><em>(gluten free)<\/em><\/p><p><strong>Fruta del tiempo<br \/><\/strong><em>(gluten free)<\/em><\/p><p><strong>Bola de Helado<br \/><\/strong><em>de vainilla, chocolate, turr\u00f3n, nata o lim\u00f3n<\/em><\/p><p><strong>Coulant de chocolate<br \/><\/strong><em>con helado de vainilla (sup. 2,50\u20ac)<\/em><\/p><p><strong>Valenciano<br \/><\/strong><em>zumo de naranja natural con helado de vainilla (gluten free) (sup. 3,00\u20ac)<\/em><\/p><p><strong>Canelones de pi\u00f1a<br \/><\/strong><em>con helado de mascarpone y crema catalana caramelizada (sup. 2,50\u20ac)<\/em><\/p><p><strong>Sorbete de lim\u00f3n<br \/><\/strong>gluten free <em>(sup. 2,00\u20ac)<\/em><\/p><p><strong>Sorbet de lim\u00f3n al Marc de Cava o Mojito<\/strong><strong>\u00a0<br \/><\/strong>gluten free <em>(sup. 3,00\u20ac)<\/em><\/p>\t\t\t\t\t\t\t\t<\/div>\n\t\t\t\t<\/div>\n\t\t\t\t\t<\/div>\n\t\t<\/div>\n\t\t\t\t\t<\/div>\n\t\t<\/section>\n\t\t\t\t<div class=\"elementor-element elementor-element-d46317a elementor-widget elementor-widget-text-editor\" data-id=\"d46317a\" data-element_type=\"widget\" data-widget_type=\"text-editor.default\">\n\t\t\t\t<div class=\"elementor-widget-container\">\n\t\t\t\t\t\t\t\t\t<p class=\"custom-cursor-default-hover\"><strong class=\"custom-cursor-default-hover\">MEN\u00da 23,50\u20ac<\/strong><br \/>primero + segundo + postre o caf\u00e9 + 1 bebida (vino, agua o refresco)<\/p><p><strong>1\/2 MEN\u00da 18,50\u20ac<\/strong><br \/>primero\/segundo + postre o caf\u00e9 + 1 bebida (vino, agua o refresco)<\/p><p><strong>TAKEAWAY<\/strong><\/p><p>Men\u00fa 19,50\u20ac<br \/>(bebida no incluida)<\/p><p>1\/2 Men\u00fa 16,50\u20ac<br \/>(bebida no incluida)<\/p><p>*Si sufren alguna alergia o intolerancia pregunten al personal de sala;<\/p><p>Los platos SIN GLUTEN pueden contener trazas, debido a la preparaci\u00f3n de diferentes platos al mismo tiempo<\/p>\t\t\t\t\t\t\t\t<\/div>\n\t\t\t\t<\/div>\n\t\t\t\t\t<\/div>\n\t\t<\/div>\n\t\t\t\t\t<\/div>\n\t\t<\/section>\n\t\t\t\t<section class=\"elementor-section elementor-top-section elementor-element elementor-element-12fb77c elementor-section-boxed elementor-section-height-default elementor-section-height-default\" data-id=\"12fb77c\" data-element_type=\"section\">\n\t\t\t\t\t\t<div class=\"elementor-container elementor-column-gap-default\">\n\t\t\t\t\t<div class=\"elementor-column elementor-col-100 elementor-top-column elementor-element elementor-element-24f4ea0\" data-id=\"24f4ea0\" data-element_type=\"column\">\n\t\t\t<div class=\"elementor-widget-wrap elementor-element-populated\">\n\t\t\t\t\t\t<div class=\"elementor-element elementor-element-31fc6f9 elementor-widget elementor-widget-text-editor\" data-id=\"31fc6f9\" data-element_type=\"widget\" data-widget_type=\"text-editor.default\">\n\t\t\t\t<div class=\"elementor-widget-container\">\n\t\t\t\t\t\t\t\t\t<p style=\"text-align: center;\"><em><span style=\"color: #000000;\">Men\u00fa de martes a viernes. <\/span><\/em><\/p><p style=\"text-align: center;\"><em><span style=\"color: #000000;\">Carta los fines de semana y festivos.<\/span><\/em><\/p>\t\t\t\t\t\t\t\t<\/div>\n\t\t\t\t<\/div>\n\t\t\t\t\t<\/div>\n\t\t<\/div>\n\t\t\t\t\t<\/div>\n\t\t<\/section>\n\t\t\t\t<\/div>\n\t\t","protected":false},"excerpt":{"rendered":"<p>Men\u00fa diario PRIMEROS Vichyssoise de Puerros i Calabac\u00edn con langostinops y picatostes (gluten free) (pan contiene gluten) Xat\u00f3 escarola, bacalao, at\u00fan, tortilla de judias, anchoa i romesco Tomate Al\u00f1ado con pepino, at\u00fan y aceitunas de Arag\u00f3n (pan cuento gluten) (gluten free) Timbal de Berenjena Asada con t\u00e0rtar de Salm\u00f3n y maionesa de soja Habitas confitadas &hellip;<\/p>\n<p class=\"read-more\"> <a class=\"\" href=\"https:\/\/restaurantcanllobet.es\/es\/menu\/menu-diario\/\"> <span class=\"screen-reader-text\">MEN\u00da DIARIO<\/span> Leer m\u00e1s \u00bb<\/a><\/p>\n","protected":false},"author":1,"featured_media":844,"parent":915,"menu_order":0,"comment_status":"closed","ping_status":"closed","template":"","meta":{"site-sidebar-layout":"no-sidebar","site-content-layout":"page-builder","ast-global-header-display":"","ast-main-header-display":"","ast-hfb-above-header-display":"","ast-hfb-below-header-display":"","ast-hfb-mobile-header-display":"","site-post-title":"disabled","ast-breadcrumbs-content":"","ast-featured-img":"disabled","footer-sml-layout":"","theme-transparent-header-meta":"default","adv-header-id-meta":"","stick-header-meta":"default","header-above-stick-meta":"","header-main-stick-meta":"","header-below-stick-meta":"","footnotes":""},"class_list":["post-916","page","type-page","status-publish","has-post-thumbnail","hentry"],"yoast_head":"<!-- This site is optimized with the Yoast SEO plugin v20.12 - https:\/\/yoast.com\/wordpress\/plugins\/seo\/ -->\n<title>MEN\u00da DIARIO - Can Llobet<\/title>\n<meta name=\"robots\" content=\"index, follow, max-snippet:-1, max-image-preview:large, max-video-preview:-1\" \/>\n<link rel=\"canonical\" href=\"https:\/\/restaurantcanllobet.es\/menu\/menu-diari\/\" \/>\n<meta property=\"og:locale\" content=\"es_ES\" \/>\n<meta property=\"og:type\" content=\"article\" \/>\n<meta property=\"og:title\" content=\"MEN\u00da DIARIO - Can Llobet\" \/>\n<meta property=\"og:description\" content=\"Men\u00fa diario PRIMEROS Vichyssoise de Puerros i Calabac\u00edn con langostinops y picatostes (gluten free) (pan contiene gluten) Xat\u00f3 escarola, bacalao, at\u00fan, tortilla de judias, anchoa i romesco Tomate Al\u00f1ado con pepino, at\u00fan y aceitunas de Arag\u00f3n (pan cuento gluten) (gluten free) Timbal de Berenjena Asada con t\u00e0rtar de Salm\u00f3n y maionesa de soja Habitas confitadas &hellip; MEN\u00da DIARIO Leer m\u00e1s \u00bb\" \/>\n<meta property=\"og:url\" content=\"https:\/\/restaurantcanllobet.es\/menu\/menu-diari\/\" \/>\n<meta property=\"og:site_name\" content=\"Can Llobet\" \/>\n<meta property=\"article:modified_time\" content=\"2026-01-08T09:54:30+00:00\" \/>\n<meta property=\"og:image\" content=\"https:\/\/restaurantcanllobet.es\/wp-content\/uploads\/2023\/07\/image00039-scaled.jpeg\" \/>\n\t<meta property=\"og:image:width\" content=\"1920\" \/>\n\t<meta property=\"og:image:height\" content=\"2560\" \/>\n\t<meta property=\"og:image:type\" content=\"image\/jpeg\" \/>\n<meta name=\"twitter:card\" content=\"summary_large_image\" \/>\n<meta name=\"twitter:label1\" content=\"Tiempo de lectura\" \/>\n\t<meta name=\"twitter:data1\" content=\"3 minutos\" \/>\n<script type=\"application\/ld+json\" class=\"yoast-schema-graph\">{\"@context\":\"https:\/\/schema.org\",\"@graph\":[{\"@type\":\"WebPage\",\"@id\":\"https:\/\/restaurantcanllobet.es\/menu\/menu-diari\/\",\"url\":\"https:\/\/restaurantcanllobet.es\/menu\/menu-diari\/\",\"name\":\"MEN\u00da DIARIO - Can Llobet\",\"isPartOf\":{\"@id\":\"https:\/\/restaurantcanllobet.es\/#website\"},\"datePublished\":\"2023-07-26T11:40:34+00:00\",\"dateModified\":\"2026-01-08T09:54:30+00:00\",\"breadcrumb\":{\"@id\":\"https:\/\/restaurantcanllobet.es\/menu\/menu-diari\/#breadcrumb\"},\"inLanguage\":\"es\",\"potentialAction\":[{\"@type\":\"ReadAction\",\"target\":[\"https:\/\/restaurantcanllobet.es\/menu\/menu-diari\/\"]}]},{\"@type\":\"BreadcrumbList\",\"@id\":\"https:\/\/restaurantcanllobet.es\/menu\/menu-diari\/#breadcrumb\",\"itemListElement\":[{\"@type\":\"ListItem\",\"position\":1,\"name\":\"Home\",\"item\":\"https:\/\/restaurantcanllobet.es\/\"},{\"@type\":\"ListItem\",\"position\":2,\"name\":\"MEN\u00da\",\"item\":\"https:\/\/restaurantcanllobet.es\/es\/menu\/\"},{\"@type\":\"ListItem\",\"position\":3,\"name\":\"MEN\u00da DIARIO\"}]},{\"@type\":\"WebSite\",\"@id\":\"https:\/\/restaurantcanllobet.es\/#website\",\"url\":\"https:\/\/restaurantcanllobet.es\/\",\"name\":\"Can Llobet\",\"description\":\"Cetrex new project\",\"publisher\":{\"@id\":\"https:\/\/restaurantcanllobet.es\/#organization\"},\"potentialAction\":[{\"@type\":\"SearchAction\",\"target\":{\"@type\":\"EntryPoint\",\"urlTemplate\":\"https:\/\/restaurantcanllobet.es\/?s={search_term_string}\"},\"query-input\":\"required name=search_term_string\"}],\"inLanguage\":\"es\"},{\"@type\":\"Organization\",\"@id\":\"https:\/\/restaurantcanllobet.es\/#organization\",\"name\":\"Can Llobet\",\"url\":\"https:\/\/restaurantcanllobet.es\/\",\"logo\":{\"@type\":\"ImageObject\",\"inLanguage\":\"es\",\"@id\":\"https:\/\/restaurantcanllobet.es\/#\/schema\/logo\/image\/\",\"url\":\"https:\/\/restaurantcanllobet.es\/wp-content\/uploads\/2023\/08\/cropped-Sin-titulo-1_Mesa-de-trabajo-1-1.png\",\"contentUrl\":\"https:\/\/restaurantcanllobet.es\/wp-content\/uploads\/2023\/08\/cropped-Sin-titulo-1_Mesa-de-trabajo-1-1.png\",\"width\":240,\"height\":241,\"caption\":\"Can Llobet\"},\"image\":{\"@id\":\"https:\/\/restaurantcanllobet.es\/#\/schema\/logo\/image\/\"}}]}<\/script>\n<!-- \/ Yoast SEO plugin. -->","yoast_head_json":{"title":"MEN\u00da DIARIO - Can Llobet","robots":{"index":"index","follow":"follow","max-snippet":"max-snippet:-1","max-image-preview":"max-image-preview:large","max-video-preview":"max-video-preview:-1"},"canonical":"https:\/\/restaurantcanllobet.es\/menu\/menu-diari\/","og_locale":"es_ES","og_type":"article","og_title":"MEN\u00da DIARIO - Can Llobet","og_description":"Men\u00fa diario PRIMEROS Vichyssoise de Puerros i Calabac\u00edn con langostinops y picatostes (gluten free) (pan contiene gluten) Xat\u00f3 escarola, bacalao, at\u00fan, tortilla de judias, anchoa i romesco Tomate Al\u00f1ado con pepino, at\u00fan y aceitunas de Arag\u00f3n (pan cuento gluten) (gluten free) Timbal de Berenjena Asada con t\u00e0rtar de Salm\u00f3n y maionesa de soja Habitas confitadas &hellip; MEN\u00da DIARIO Leer m\u00e1s \u00bb","og_url":"https:\/\/restaurantcanllobet.es\/menu\/menu-diari\/","og_site_name":"Can Llobet","article_modified_time":"2026-01-08T09:54:30+00:00","og_image":[{"width":1920,"height":2560,"url":"https:\/\/restaurantcanllobet.es\/wp-content\/uploads\/2023\/07\/image00039-scaled.jpeg","type":"image\/jpeg"}],"twitter_card":"summary_large_image","twitter_misc":{"Tiempo de lectura":"3 minutos"},"schema":{"@context":"https:\/\/schema.org","@graph":[{"@type":"WebPage","@id":"https:\/\/restaurantcanllobet.es\/menu\/menu-diari\/","url":"https:\/\/restaurantcanllobet.es\/menu\/menu-diari\/","name":"MEN\u00da DIARIO - Can Llobet","isPartOf":{"@id":"https:\/\/restaurantcanllobet.es\/#website"},"datePublished":"2023-07-26T11:40:34+00:00","dateModified":"2026-01-08T09:54:30+00:00","breadcrumb":{"@id":"https:\/\/restaurantcanllobet.es\/menu\/menu-diari\/#breadcrumb"},"inLanguage":"es","potentialAction":[{"@type":"ReadAction","target":["https:\/\/restaurantcanllobet.es\/menu\/menu-diari\/"]}]},{"@type":"BreadcrumbList","@id":"https:\/\/restaurantcanllobet.es\/menu\/menu-diari\/#breadcrumb","itemListElement":[{"@type":"ListItem","position":1,"name":"Home","item":"https:\/\/restaurantcanllobet.es\/"},{"@type":"ListItem","position":2,"name":"MEN\u00da","item":"https:\/\/restaurantcanllobet.es\/es\/menu\/"},{"@type":"ListItem","position":3,"name":"MEN\u00da DIARIO"}]},{"@type":"WebSite","@id":"https:\/\/restaurantcanllobet.es\/#website","url":"https:\/\/restaurantcanllobet.es\/","name":"Can Llobet","description":"Cetrex new project","publisher":{"@id":"https:\/\/restaurantcanllobet.es\/#organization"},"potentialAction":[{"@type":"SearchAction","target":{"@type":"EntryPoint","urlTemplate":"https:\/\/restaurantcanllobet.es\/?s={search_term_string}"},"query-input":"required name=search_term_string"}],"inLanguage":"es"},{"@type":"Organization","@id":"https:\/\/restaurantcanllobet.es\/#organization","name":"Can Llobet","url":"https:\/\/restaurantcanllobet.es\/","logo":{"@type":"ImageObject","inLanguage":"es","@id":"https:\/\/restaurantcanllobet.es\/#\/schema\/logo\/image\/","url":"https:\/\/restaurantcanllobet.es\/wp-content\/uploads\/2023\/08\/cropped-Sin-titulo-1_Mesa-de-trabajo-1-1.png","contentUrl":"https:\/\/restaurantcanllobet.es\/wp-content\/uploads\/2023\/08\/cropped-Sin-titulo-1_Mesa-de-trabajo-1-1.png","width":240,"height":241,"caption":"Can Llobet"},"image":{"@id":"https:\/\/restaurantcanllobet.es\/#\/schema\/logo\/image\/"}}]}},"_links":{"self":[{"href":"https:\/\/restaurantcanllobet.es\/es\/wp-json\/wp\/v2\/pages\/916","targetHints":{"allow":["GET"]}}],"collection":[{"href":"https:\/\/restaurantcanllobet.es\/es\/wp-json\/wp\/v2\/pages"}],"about":[{"href":"https:\/\/restaurantcanllobet.es\/es\/wp-json\/wp\/v2\/types\/page"}],"author":[{"embeddable":true,"href":"https:\/\/restaurantcanllobet.es\/es\/wp-json\/wp\/v2\/users\/1"}],"replies":[{"embeddable":true,"href":"https:\/\/restaurantcanllobet.es\/es\/wp-json\/wp\/v2\/comments?post=916"}],"version-history":[{"count":1871,"href":"https:\/\/restaurantcanllobet.es\/es\/wp-json\/wp\/v2\/pages\/916\/revisions"}],"predecessor-version":[{"id":6779,"href":"https:\/\/restaurantcanllobet.es\/es\/wp-json\/wp\/v2\/pages\/916\/revisions\/6779"}],"up":[{"embeddable":true,"href":"https:\/\/restaurantcanllobet.es\/es\/wp-json\/wp\/v2\/pages\/915"}],"wp:featuredmedia":[{"embeddable":true,"href":"https:\/\/restaurantcanllobet.es\/es\/wp-json\/wp\/v2\/media\/844"}],"wp:attachment":[{"href":"https:\/\/restaurantcanllobet.es\/es\/wp-json\/wp\/v2\/media?parent=916"}],"curies":[{"name":"wp","href":"https:\/\/api.w.org\/{rel}","templated":true}]}}