{"id":913,"date":"2023-07-27T13:27:11","date_gmt":"2023-07-27T13:27:11","guid":{"rendered":"https:\/\/restaurantcanllobet.es\/contacte\/"},"modified":"2023-09-18T14:29:33","modified_gmt":"2023-09-18T14:29:33","slug":"contacto","status":"publish","type":"page","link":"https:\/\/restaurantcanllobet.es\/es\/contacto\/","title":{"rendered":"CONTACTO"},"content":{"rendered":"\t\t<div data-elementor-type=\"wp-page\" data-elementor-id=\"913\" class=\"elementor elementor-913\" data-elementor-post-type=\"page\">\n\t\t\t\t\t\t<section class=\"elementor-section elementor-top-section elementor-element elementor-element-24ae1e1 elementor-section-boxed elementor-section-height-default elementor-section-height-default\" data-id=\"24ae1e1\" data-element_type=\"section\" data-settings=\"{&quot;background_background&quot;:&quot;classic&quot;}\">\n\t\t\t\t\t\t\t<div class=\"elementor-background-overlay\"><\/div>\n\t\t\t\t\t\t\t<div class=\"elementor-container elementor-column-gap-default\">\n\t\t\t\t\t<div class=\"elementor-column elementor-col-100 elementor-top-column elementor-element elementor-element-a707921\" data-id=\"a707921\" data-element_type=\"column\">\n\t\t\t<div class=\"elementor-widget-wrap elementor-element-populated\">\n\t\t\t\t\t\t<div class=\"elementor-element elementor-element-60d5f7c elementor-widget elementor-widget-heading\" data-id=\"60d5f7c\" data-element_type=\"widget\" data-widget_type=\"heading.default\">\n\t\t\t\t<div class=\"elementor-widget-container\">\n\t\t\t\t\t<h1 class=\"elementor-heading-title elementor-size-default\">Contacto<\/h1>\t\t\t\t<\/div>\n\t\t\t\t<\/div>\n\t\t\t\t\t<\/div>\n\t\t<\/div>\n\t\t\t\t\t<\/div>\n\t\t<\/section>\n\t\t\t\t<section class=\"elementor-section elementor-top-section elementor-element elementor-element-6747d71 elementor-section-boxed elementor-section-height-default elementor-section-height-default\" data-id=\"6747d71\" data-element_type=\"section\" data-settings=\"{&quot;background_background&quot;:&quot;classic&quot;}\">\n\t\t\t\t\t\t<div class=\"elementor-container elementor-column-gap-default\">\n\t\t\t\t\t<div class=\"elementor-column elementor-col-100 elementor-top-column elementor-element elementor-element-ef22a20\" data-id=\"ef22a20\" data-element_type=\"column\" data-settings=\"{&quot;background_background&quot;:&quot;classic&quot;}\">\n\t\t\t<div class=\"elementor-widget-wrap elementor-element-populated\">\n\t\t\t\t\t\t<div class=\"elementor-element elementor-element-edb876c elementor-widget elementor-widget-text-editor\" data-id=\"edb876c\" data-element_type=\"widget\" data-widget_type=\"text-editor.default\">\n\t\t\t\t<div class=\"elementor-widget-container\">\n\t\t\t\t\t\t\t\t\t<p>Nuestro establecimiento est\u00e1 situado en el municipio barcelon\u00e9s de Santa Perp\u00e8tua de Mogoda.<br \/><br \/>Estamos en el centro, en una zona muy transitada tanto por la gente que reside aqu\u00ed como por los visitantes que vienen a conocer nuestra localidad.<br \/><br \/>Restaurando\u00a0Can\u00a0Llobet\u00a0tenemos la mejor propuesta culinaria, para que conozcas de primera mano el gusto de la cocina catalana.<\/p>\t\t\t\t\t\t\t\t<\/div>\n\t\t\t\t<\/div>\n\t\t\t\t\t<\/div>\n\t\t<\/div>\n\t\t\t\t\t<\/div>\n\t\t<\/section>\n\t\t\t\t<section class=\"elementor-section elementor-top-section elementor-element elementor-element-325910d elementor-section-boxed elementor-section-height-default elementor-section-height-default\" data-id=\"325910d\" data-element_type=\"section\">\n\t\t\t\t\t\t<div class=\"elementor-container elementor-column-gap-default\">\n\t\t\t\t\t<div class=\"elementor-column elementor-col-100 elementor-top-column elementor-element elementor-element-771bee6\" data-id=\"771bee6\" data-element_type=\"column\">\n\t\t\t<div class=\"elementor-widget-wrap elementor-element-populated\">\n\t\t\t\t\t\t<section class=\"elementor-section elementor-inner-section elementor-element elementor-element-1c8b145 elementor-section-boxed elementor-section-height-default elementor-section-height-default\" data-id=\"1c8b145\" data-element_type=\"section\">\n\t\t\t\t\t\t<div class=\"elementor-container elementor-column-gap-default\">\n\t\t\t\t\t<div class=\"elementor-column elementor-col-50 elementor-inner-column elementor-element elementor-element-1232939\" data-id=\"1232939\" data-element_type=\"column\" data-settings=\"{&quot;background_background&quot;:&quot;classic&quot;}\">\n\t\t\t<div class=\"elementor-widget-wrap elementor-element-populated\">\n\t\t\t\t\t\t<div class=\"elementor-element elementor-element-e70d734 elementor-view-default elementor-widget elementor-widget-icon\" data-id=\"e70d734\" data-element_type=\"widget\" data-widget_type=\"icon.default\">\n\t\t\t\t<div class=\"elementor-widget-container\">\n\t\t\t\t\t\t\t<div class=\"elementor-icon-wrapper\">\n\t\t\t<div class=\"elementor-icon\">\n\t\t\t<i aria-hidden=\"true\" class=\"fas fa-phone\"><\/i>\t\t\t<\/div>\n\t\t<\/div>\n\t\t\t\t\t\t<\/div>\n\t\t\t\t<\/div>\n\t\t\t\t<div class=\"elementor-element elementor-element-6d4d576 elementor-widget elementor-widget-heading\" data-id=\"6d4d576\" data-element_type=\"widget\" data-widget_type=\"heading.default\">\n\t\t\t\t<div class=\"elementor-widget-container\">\n\t\t\t\t\t<h4 class=\"elementor-heading-title elementor-size-default\">93 560 00 88<\/h4>\t\t\t\t<\/div>\n\t\t\t\t<\/div>\n\t\t\t\t<div class=\"elementor-element elementor-element-cd0c77a elementor-widget elementor-widget-text-editor\" data-id=\"cd0c77a\" data-element_type=\"widget\" data-widget_type=\"text-editor.default\">\n\t\t\t\t<div class=\"elementor-widget-container\">\n\t\t\t\t\t\t\t\t\t<p>LLAMANOS<\/p>\t\t\t\t\t\t\t\t<\/div>\n\t\t\t\t<\/div>\n\t\t\t\t\t<\/div>\n\t\t<\/div>\n\t\t\t\t<div class=\"elementor-column elementor-col-50 elementor-inner-column elementor-element elementor-element-267b4e2\" data-id=\"267b4e2\" data-element_type=\"column\" data-settings=\"{&quot;background_background&quot;:&quot;classic&quot;}\">\n\t\t\t<div class=\"elementor-widget-wrap elementor-element-populated\">\n\t\t\t\t\t\t<div class=\"elementor-element elementor-element-2e75831 elementor-view-default elementor-widget elementor-widget-icon\" data-id=\"2e75831\" data-element_type=\"widget\" data-widget_type=\"icon.default\">\n\t\t\t\t<div class=\"elementor-widget-container\">\n\t\t\t\t\t\t\t<div class=\"elementor-icon-wrapper\">\n\t\t\t<div class=\"elementor-icon\">\n\t\t\t<i aria-hidden=\"true\" class=\"fas fa-envelope\"><\/i>\t\t\t<\/div>\n\t\t<\/div>\n\t\t\t\t\t\t<\/div>\n\t\t\t\t<\/div>\n\t\t\t\t<div class=\"elementor-element elementor-element-4f1d6e8 elementor-widget elementor-widget-heading\" data-id=\"4f1d6e8\" data-element_type=\"widget\" data-widget_type=\"heading.default\">\n\t\t\t\t<div class=\"elementor-widget-container\">\n\t\t\t\t\t<h2 class=\"elementor-heading-title elementor-size-default\">canllobet@gmail.com<\/h2>\t\t\t\t<\/div>\n\t\t\t\t<\/div>\n\t\t\t\t<div class=\"elementor-element elementor-element-4be26c5 elementor-widget elementor-widget-text-editor\" data-id=\"4be26c5\" data-element_type=\"widget\" data-widget_type=\"text-editor.default\">\n\t\t\t\t<div class=\"elementor-widget-container\">\n\t\t\t\t\t\t\t\t\t<p>ENVIA UN MAIL<\/p>\t\t\t\t\t\t\t\t<\/div>\n\t\t\t\t<\/div>\n\t\t\t\t\t<\/div>\n\t\t<\/div>\n\t\t\t\t\t<\/div>\n\t\t<\/section>\n\t\t\t\t<div class=\"elementor-element elementor-element-b86d807 elementor-view-default elementor-widget elementor-widget-icon\" data-id=\"b86d807\" data-element_type=\"widget\" data-widget_type=\"icon.default\">\n\t\t\t\t<div class=\"elementor-widget-container\">\n\t\t\t\t\t\t\t<div class=\"elementor-icon-wrapper\">\n\t\t\t<div class=\"elementor-icon\">\n\t\t\t<i aria-hidden=\"true\" class=\"fas fa-location-arrow\"><\/i>\t\t\t<\/div>\n\t\t<\/div>\n\t\t\t\t\t\t<\/div>\n\t\t\t\t<\/div>\n\t\t\t\t<div class=\"elementor-element elementor-element-3c84fe8 elementor-widget elementor-widget-heading\" data-id=\"3c84fe8\" data-element_type=\"widget\" data-widget_type=\"heading.default\">\n\t\t\t\t<div class=\"elementor-widget-container\">\n\t\t\t\t\t<h2 class=\"elementor-heading-title elementor-size-default\">\u00bfD\u00f3nde puedes encontrarnos?<\/h2>\t\t\t\t<\/div>\n\t\t\t\t<\/div>\n\t\t\t\t<div class=\"elementor-element elementor-element-57c810f elementor-widget elementor-widget-text-editor\" data-id=\"57c810f\" data-element_type=\"widget\" data-widget_type=\"text-editor.default\">\n\t\t\t\t<div class=\"elementor-widget-container\">\n\t\t\t\t\t\t\t\t\t<p>Calle Doctor Robert, 1<br \/>08130 Santa Perp\u00e8tua de Mogoda (Barcelona)<\/p>\t\t\t\t\t\t\t\t<\/div>\n\t\t\t\t<\/div>\n\t\t\t\t<div class=\"elementor-element elementor-element-f2b0630 elementor-widget elementor-widget-google_maps\" data-id=\"f2b0630\" data-element_type=\"widget\" data-widget_type=\"google_maps.default\">\n\t\t\t\t<div class=\"elementor-widget-container\">\n\t\t\t\t\t\t\t<div class=\"elementor-custom-embed\">\n\t\t\t<iframe loading=\"lazy\"\n\t\t\t\t\tsrc=\"https:\/\/maps.google.com\/maps?q=Carrer%20Doctor%20Robert%2C%201%2008130%20Santa%20Perp%C3%A8tua%20de%20Mogoda&#038;t=m&#038;z=13&#038;output=embed&#038;iwloc=near\"\n\t\t\t\t\ttitle=\"Carrer Doctor Robert, 1 08130 Santa Perp\u00e8tua de Mogoda\"\n\t\t\t\t\taria-label=\"Carrer Doctor Robert, 1 08130 Santa Perp\u00e8tua de Mogoda\"\n\t\t\t><\/iframe>\n\t\t<\/div>\n\t\t\t\t\t\t<\/div>\n\t\t\t\t<\/div>\n\t\t\t\t\t<\/div>\n\t\t<\/div>\n\t\t\t\t\t<\/div>\n\t\t<\/section>\n\t\t\t\t<\/div>\n\t\t","protected":false},"excerpt":{"rendered":"<p>Contacto Nuestro establecimiento est\u00e1 situado en el municipio barcelon\u00e9s de Santa Perp\u00e8tua de Mogoda. Estamos en el centro, en una zona muy transitada tanto por la gente que reside aqu\u00ed como por los visitantes que vienen a conocer nuestra localidad. Restaurando\u00a0Can\u00a0Llobet\u00a0tenemos la mejor propuesta culinaria, para que conozcas de primera mano el gusto de la &hellip;<\/p>\n<p class=\"read-more\"> <a class=\"\" href=\"https:\/\/restaurantcanllobet.es\/es\/contacto\/\"> <span class=\"screen-reader-text\">CONTACTO<\/span> Leer m\u00e1s \u00bb<\/a><\/p>\n","protected":false},"author":1,"featured_media":0,"parent":0,"menu_order":0,"comment_status":"closed","ping_status":"closed","template":"","meta":{"site-sidebar-layout":"no-sidebar","site-content-layout":"page-builder","ast-global-header-display":"","ast-main-header-display":"","ast-hfb-above-header-display":"","ast-hfb-below-header-display":"","ast-hfb-mobile-header-display":"","site-post-title":"disabled","ast-breadcrumbs-content":"","ast-featured-img":"disabled","footer-sml-layout":"","theme-transparent-header-meta":"default","adv-header-id-meta":"","stick-header-meta":"default","header-above-stick-meta":"","header-main-stick-meta":"","header-below-stick-meta":"","footnotes":""},"class_list":["post-913","page","type-page","status-publish","hentry"],"yoast_head":"<!-- This site is optimized with the Yoast SEO plugin v20.12 - https:\/\/yoast.com\/wordpress\/plugins\/seo\/ -->\n<title>CONTACTO - Can Llobet<\/title>\n<meta name=\"robots\" content=\"index, follow, max-snippet:-1, max-image-preview:large, max-video-preview:-1\" \/>\n<link rel=\"canonical\" href=\"https:\/\/restaurantcanllobet.es\/es\/contacto\/\" \/>\n<meta property=\"og:locale\" content=\"es_ES\" \/>\n<meta property=\"og:type\" content=\"article\" \/>\n<meta property=\"og:title\" content=\"CONTACTO - Can Llobet\" \/>\n<meta property=\"og:description\" content=\"Contacto Nuestro establecimiento est\u00e1 situado en el municipio barcelon\u00e9s de Santa Perp\u00e8tua de Mogoda. Estamos en el centro, en una zona muy transitada tanto por la gente que reside aqu\u00ed como por los visitantes que vienen a conocer nuestra localidad. Restaurando\u00a0Can\u00a0Llobet\u00a0tenemos la mejor propuesta culinaria, para que conozcas de primera mano el gusto de la &hellip; CONTACTO Leer m\u00e1s \u00bb\" \/>\n<meta property=\"og:url\" content=\"https:\/\/restaurantcanllobet.es\/es\/contacto\/\" \/>\n<meta property=\"og:site_name\" content=\"Can Llobet\" \/>\n<meta property=\"article:modified_time\" content=\"2023-09-18T14:29:33+00:00\" \/>\n<meta name=\"twitter:card\" content=\"summary_large_image\" \/>\n<meta name=\"twitter:label1\" content=\"Tiempo de lectura\" \/>\n\t<meta name=\"twitter:data1\" content=\"1 minuto\" \/>\n<script type=\"application\/ld+json\" class=\"yoast-schema-graph\">{\"@context\":\"https:\/\/schema.org\",\"@graph\":[{\"@type\":\"WebPage\",\"@id\":\"https:\/\/restaurantcanllobet.es\/es\/contacto\/\",\"url\":\"https:\/\/restaurantcanllobet.es\/es\/contacto\/\",\"name\":\"CONTACTO - Can Llobet\",\"isPartOf\":{\"@id\":\"https:\/\/restaurantcanllobet.es\/#website\"},\"datePublished\":\"2023-07-27T13:27:11+00:00\",\"dateModified\":\"2023-09-18T14:29:33+00:00\",\"breadcrumb\":{\"@id\":\"https:\/\/restaurantcanllobet.es\/es\/contacto\/#breadcrumb\"},\"inLanguage\":\"es\",\"potentialAction\":[{\"@type\":\"ReadAction\",\"target\":[\"https:\/\/restaurantcanllobet.es\/es\/contacto\/\"]}]},{\"@type\":\"BreadcrumbList\",\"@id\":\"https:\/\/restaurantcanllobet.es\/es\/contacto\/#breadcrumb\",\"itemListElement\":[{\"@type\":\"ListItem\",\"position\":1,\"name\":\"Home\",\"item\":\"https:\/\/restaurantcanllobet.es\/\"},{\"@type\":\"ListItem\",\"position\":2,\"name\":\"CONTACTO\"}]},{\"@type\":\"WebSite\",\"@id\":\"https:\/\/restaurantcanllobet.es\/#website\",\"url\":\"https:\/\/restaurantcanllobet.es\/\",\"name\":\"Can Llobet\",\"description\":\"Cetrex new project\",\"publisher\":{\"@id\":\"https:\/\/restaurantcanllobet.es\/#organization\"},\"potentialAction\":[{\"@type\":\"SearchAction\",\"target\":{\"@type\":\"EntryPoint\",\"urlTemplate\":\"https:\/\/restaurantcanllobet.es\/?s={search_term_string}\"},\"query-input\":\"required name=search_term_string\"}],\"inLanguage\":\"es\"},{\"@type\":\"Organization\",\"@id\":\"https:\/\/restaurantcanllobet.es\/#organization\",\"name\":\"Can Llobet\",\"url\":\"https:\/\/restaurantcanllobet.es\/\",\"logo\":{\"@type\":\"ImageObject\",\"inLanguage\":\"es\",\"@id\":\"https:\/\/restaurantcanllobet.es\/#\/schema\/logo\/image\/\",\"url\":\"https:\/\/restaurantcanllobet.es\/wp-content\/uploads\/2023\/08\/cropped-Sin-titulo-1_Mesa-de-trabajo-1-1.png\",\"contentUrl\":\"https:\/\/restaurantcanllobet.es\/wp-content\/uploads\/2023\/08\/cropped-Sin-titulo-1_Mesa-de-trabajo-1-1.png\",\"width\":240,\"height\":241,\"caption\":\"Can Llobet\"},\"image\":{\"@id\":\"https:\/\/restaurantcanllobet.es\/#\/schema\/logo\/image\/\"}}]}<\/script>\n<!-- \/ Yoast SEO plugin. -->","yoast_head_json":{"title":"CONTACTO - Can Llobet","robots":{"index":"index","follow":"follow","max-snippet":"max-snippet:-1","max-image-preview":"max-image-preview:large","max-video-preview":"max-video-preview:-1"},"canonical":"https:\/\/restaurantcanllobet.es\/es\/contacto\/","og_locale":"es_ES","og_type":"article","og_title":"CONTACTO - Can Llobet","og_description":"Contacto Nuestro establecimiento est\u00e1 situado en el municipio barcelon\u00e9s de Santa Perp\u00e8tua de Mogoda. Estamos en el centro, en una zona muy transitada tanto por la gente que reside aqu\u00ed como por los visitantes que vienen a conocer nuestra localidad. Restaurando\u00a0Can\u00a0Llobet\u00a0tenemos la mejor propuesta culinaria, para que conozcas de primera mano el gusto de la &hellip; CONTACTO Leer m\u00e1s \u00bb","og_url":"https:\/\/restaurantcanllobet.es\/es\/contacto\/","og_site_name":"Can Llobet","article_modified_time":"2023-09-18T14:29:33+00:00","twitter_card":"summary_large_image","twitter_misc":{"Tiempo de lectura":"1 minuto"},"schema":{"@context":"https:\/\/schema.org","@graph":[{"@type":"WebPage","@id":"https:\/\/restaurantcanllobet.es\/es\/contacto\/","url":"https:\/\/restaurantcanllobet.es\/es\/contacto\/","name":"CONTACTO - Can Llobet","isPartOf":{"@id":"https:\/\/restaurantcanllobet.es\/#website"},"datePublished":"2023-07-27T13:27:11+00:00","dateModified":"2023-09-18T14:29:33+00:00","breadcrumb":{"@id":"https:\/\/restaurantcanllobet.es\/es\/contacto\/#breadcrumb"},"inLanguage":"es","potentialAction":[{"@type":"ReadAction","target":["https:\/\/restaurantcanllobet.es\/es\/contacto\/"]}]},{"@type":"BreadcrumbList","@id":"https:\/\/restaurantcanllobet.es\/es\/contacto\/#breadcrumb","itemListElement":[{"@type":"ListItem","position":1,"name":"Home","item":"https:\/\/restaurantcanllobet.es\/"},{"@type":"ListItem","position":2,"name":"CONTACTO"}]},{"@type":"WebSite","@id":"https:\/\/restaurantcanllobet.es\/#website","url":"https:\/\/restaurantcanllobet.es\/","name":"Can Llobet","description":"Cetrex new project","publisher":{"@id":"https:\/\/restaurantcanllobet.es\/#organization"},"potentialAction":[{"@type":"SearchAction","target":{"@type":"EntryPoint","urlTemplate":"https:\/\/restaurantcanllobet.es\/?s={search_term_string}"},"query-input":"required name=search_term_string"}],"inLanguage":"es"},{"@type":"Organization","@id":"https:\/\/restaurantcanllobet.es\/#organization","name":"Can Llobet","url":"https:\/\/restaurantcanllobet.es\/","logo":{"@type":"ImageObject","inLanguage":"es","@id":"https:\/\/restaurantcanllobet.es\/#\/schema\/logo\/image\/","url":"https:\/\/restaurantcanllobet.es\/wp-content\/uploads\/2023\/08\/cropped-Sin-titulo-1_Mesa-de-trabajo-1-1.png","contentUrl":"https:\/\/restaurantcanllobet.es\/wp-content\/uploads\/2023\/08\/cropped-Sin-titulo-1_Mesa-de-trabajo-1-1.png","width":240,"height":241,"caption":"Can Llobet"},"image":{"@id":"https:\/\/restaurantcanllobet.es\/#\/schema\/logo\/image\/"}}]}},"_links":{"self":[{"href":"https:\/\/restaurantcanllobet.es\/es\/wp-json\/wp\/v2\/pages\/913","targetHints":{"allow":["GET"]}}],"collection":[{"href":"https:\/\/restaurantcanllobet.es\/es\/wp-json\/wp\/v2\/pages"}],"about":[{"href":"https:\/\/restaurantcanllobet.es\/es\/wp-json\/wp\/v2\/types\/page"}],"author":[{"embeddable":true,"href":"https:\/\/restaurantcanllobet.es\/es\/wp-json\/wp\/v2\/users\/1"}],"replies":[{"embeddable":true,"href":"https:\/\/restaurantcanllobet.es\/es\/wp-json\/wp\/v2\/comments?post=913"}],"version-history":[{"count":5,"href":"https:\/\/restaurantcanllobet.es\/es\/wp-json\/wp\/v2\/pages\/913\/revisions"}],"predecessor-version":[{"id":1055,"href":"https:\/\/restaurantcanllobet.es\/es\/wp-json\/wp\/v2\/pages\/913\/revisions\/1055"}],"wp:attachment":[{"href":"https:\/\/restaurantcanllobet.es\/es\/wp-json\/wp\/v2\/media?parent=913"}],"curies":[{"name":"wp","href":"https:\/\/api.w.org\/{rel}","templated":true}]}}