{"id":911,"date":"2023-07-26T14:16:01","date_gmt":"2023-07-26T14:16:01","guid":{"rendered":"https:\/\/restaurantcanllobet.es\/celebracions\/"},"modified":"2023-09-18T14:27:36","modified_gmt":"2023-09-18T14:27:36","slug":"celebraciones","status":"publish","type":"page","link":"https:\/\/restaurantcanllobet.es\/es\/celebraciones\/","title":{"rendered":"CELEBRACIONES"},"content":{"rendered":"\t\t<div data-elementor-type=\"wp-page\" data-elementor-id=\"911\" class=\"elementor elementor-911\" data-elementor-post-type=\"page\">\n\t\t\t\t\t\t<section class=\"elementor-section elementor-top-section elementor-element elementor-element-ce3a712 elementor-section-boxed elementor-section-height-default elementor-section-height-default\" data-id=\"ce3a712\" data-element_type=\"section\" data-settings=\"{&quot;background_background&quot;:&quot;classic&quot;}\">\n\t\t\t\t\t\t\t<div class=\"elementor-background-overlay\"><\/div>\n\t\t\t\t\t\t\t<div class=\"elementor-container elementor-column-gap-default\">\n\t\t\t\t\t<div class=\"elementor-column elementor-col-100 elementor-top-column elementor-element elementor-element-5c4de88\" data-id=\"5c4de88\" data-element_type=\"column\">\n\t\t\t<div class=\"elementor-widget-wrap elementor-element-populated\">\n\t\t\t\t\t\t<div class=\"elementor-element elementor-element-3509674 elementor-widget elementor-widget-heading\" data-id=\"3509674\" data-element_type=\"widget\" data-widget_type=\"heading.default\">\n\t\t\t\t<div class=\"elementor-widget-container\">\n\t\t\t\t\t<h1 class=\"elementor-heading-title elementor-size-default\">Celebraciones<\/h1>\t\t\t\t<\/div>\n\t\t\t\t<\/div>\n\t\t\t\t<div class=\"elementor-element elementor-element-74473e6 elementor-align-justify elementor-widget elementor-widget-button\" data-id=\"74473e6\" data-element_type=\"widget\" data-widget_type=\"button.default\">\n\t\t\t\t<div class=\"elementor-widget-container\">\n\t\t\t\t\t\t\t\t\t<div class=\"elementor-button-wrapper\">\n\t\t\t\t\t<a class=\"elementor-button elementor-button-link elementor-size-sm\" href=\"#\">\n\t\t\t\t\t\t<span class=\"elementor-button-content-wrapper\">\n\t\t\t\t\t\t\t\t\t<span class=\"elementor-button-text\">\u00a1Celebra tus acontecimientos con estilo en nuestro restaurante!<\/span>\n\t\t\t\t\t<\/span>\n\t\t\t\t\t<\/a>\n\t\t\t\t<\/div>\n\t\t\t\t\t\t\t\t<\/div>\n\t\t\t\t<\/div>\n\t\t\t\t\t<\/div>\n\t\t<\/div>\n\t\t\t\t\t<\/div>\n\t\t<\/section>\n\t\t\t\t<section class=\"elementor-section elementor-top-section elementor-element elementor-element-722abe8 elementor-section-boxed elementor-section-height-default elementor-section-height-default\" data-id=\"722abe8\" data-element_type=\"section\" data-settings=\"{&quot;background_background&quot;:&quot;classic&quot;}\">\n\t\t\t\t\t\t<div class=\"elementor-container elementor-column-gap-default\">\n\t\t\t\t\t<div class=\"elementor-column elementor-col-100 elementor-top-column elementor-element elementor-element-5051ba9\" data-id=\"5051ba9\" data-element_type=\"column\" data-settings=\"{&quot;background_background&quot;:&quot;classic&quot;}\">\n\t\t\t<div class=\"elementor-widget-wrap elementor-element-populated\">\n\t\t\t\t\t\t<div class=\"elementor-element elementor-element-a397cd3 elementor-widget elementor-widget-text-editor\" data-id=\"a397cd3\" data-element_type=\"widget\" data-widget_type=\"text-editor.default\">\n\t\t\t\t<div class=\"elementor-widget-container\">\n\t\t\t\t\t\t\t\t\t<p>En nombre de\u00a0Can\u00a0Llobet, nos complace ofrecerte el lugar perfecto para celebrar tus acontecimientos especiales. Ya sea un cumplea\u00f1os, una reuni\u00f3n familiar, una comida de empresa o cualquier otra ocasi\u00f3n, nuestro equipo est\u00e1 preparado para hacer de tu acontecimiento una experiencia inolvidable.<\/p>\t\t\t\t\t\t\t\t<\/div>\n\t\t\t\t<\/div>\n\t\t\t\t\t<\/div>\n\t\t<\/div>\n\t\t\t\t\t<\/div>\n\t\t<\/section>\n\t\t\t\t<section class=\"elementor-section elementor-top-section elementor-element elementor-element-fb2a685 elementor-section-boxed elementor-section-height-default elementor-section-height-default\" data-id=\"fb2a685\" data-element_type=\"section\" data-settings=\"{&quot;background_background&quot;:&quot;classic&quot;}\">\n\t\t\t\t\t\t<div class=\"elementor-container elementor-column-gap-default\">\n\t\t\t\t\t<div class=\"elementor-column elementor-col-100 elementor-top-column elementor-element elementor-element-f825e1b\" data-id=\"f825e1b\" data-element_type=\"column\">\n\t\t\t<div class=\"elementor-widget-wrap elementor-element-populated\">\n\t\t\t\t\t\t<section class=\"elementor-section elementor-inner-section elementor-element elementor-element-4f7d889 elementor-reverse-mobile elementor-section-boxed elementor-section-height-default elementor-section-height-default\" data-id=\"4f7d889\" data-element_type=\"section\">\n\t\t\t\t\t\t<div class=\"elementor-container elementor-column-gap-wider\">\n\t\t\t\t\t<div class=\"elementor-column elementor-col-50 elementor-inner-column elementor-element elementor-element-7e211f9\" data-id=\"7e211f9\" data-element_type=\"column\">\n\t\t\t<div class=\"elementor-widget-wrap elementor-element-populated\">\n\t\t\t\t\t\t<div class=\"elementor-element elementor-element-8c2f6f7 elementor-widget elementor-widget-image\" data-id=\"8c2f6f7\" data-element_type=\"widget\" data-widget_type=\"image.default\">\n\t\t\t\t<div class=\"elementor-widget-container\">\n\t\t\t\t\t\t\t\t\t\t\t\t\t\t\t<img fetchpriority=\"high\" decoding=\"async\" width=\"1024\" height=\"1024\" src=\"https:\/\/restaurantcanllobet.es\/wp-content\/uploads\/2023\/08\/can-llobet-celebracions-1024x1024.jpg\" class=\"attachment-large size-large wp-image-728\" alt=\"celebracions al restaurant can llobet\" srcset=\"https:\/\/restaurantcanllobet.es\/wp-content\/uploads\/2023\/08\/can-llobet-celebracions-1024x1024.jpg 1024w, https:\/\/restaurantcanllobet.es\/wp-content\/uploads\/2023\/08\/can-llobet-celebracions-300x300.jpg 300w, https:\/\/restaurantcanllobet.es\/wp-content\/uploads\/2023\/08\/can-llobet-celebracions-150x150.jpg 150w, https:\/\/restaurantcanllobet.es\/wp-content\/uploads\/2023\/08\/can-llobet-celebracions-768x768.jpg 768w, https:\/\/restaurantcanllobet.es\/wp-content\/uploads\/2023\/08\/can-llobet-celebracions-1536x1536.jpg 1536w, https:\/\/restaurantcanllobet.es\/wp-content\/uploads\/2023\/08\/can-llobet-celebracions.jpg 2040w\" sizes=\"(max-width: 1024px) 100vw, 1024px\" \/>\t\t\t\t\t\t\t\t\t\t\t\t\t\t\t<\/div>\n\t\t\t\t<\/div>\n\t\t\t\t\t<\/div>\n\t\t<\/div>\n\t\t\t\t<div class=\"elementor-column elementor-col-50 elementor-inner-column elementor-element elementor-element-87e7dae\" data-id=\"87e7dae\" data-element_type=\"column\">\n\t\t\t<div class=\"elementor-widget-wrap elementor-element-populated\">\n\t\t\t\t\t\t<div class=\"elementor-element elementor-element-eef3adc elementor-widget elementor-widget-text-editor\" data-id=\"eef3adc\" data-element_type=\"widget\" data-widget_type=\"text-editor.default\">\n\t\t\t\t<div class=\"elementor-widget-container\">\n\t\t\t\t\t\t\t\t\t<p>Nuestras amplias instalaciones y acogedor ambiente hacen de nuestro restaurante <strong>el lugar ideal para reuniones \u00edntimas o acontecimientos de mayor envergadura<\/strong>. Contamos con diferentes espacios que se adaptan a tus necesidades, desde salones privados hasta \u00e1reas al aire libre, donde podr\u00e1s disfrutar de la brisa mientras te deleitas con nuestros exquisitos platos.<br \/><br \/>Nuestro enfoque principal es la cocina a la brasa, lo cual nos permite ofrecerte una selecci\u00f3n de <strong>deliciosas carnes, peces y verduras preparadas con maestr\u00eda por nuestros talentosos chefs<\/strong>. Cada plato se cocina a la perfecci\u00f3n, conservando todo su sabor y jugosidad, para brindarte una experiencia gastron\u00f3mica \u00fanica.<\/p>\t\t\t\t\t\t\t\t<\/div>\n\t\t\t\t<\/div>\n\t\t\t\t\t<\/div>\n\t\t<\/div>\n\t\t\t\t\t<\/div>\n\t\t<\/section>\n\t\t\t\t\t<\/div>\n\t\t<\/div>\n\t\t\t\t\t<\/div>\n\t\t<\/section>\n\t\t\t\t<section class=\"elementor-section elementor-top-section elementor-element elementor-element-89472c3 elementor-section-boxed elementor-section-height-default elementor-section-height-default\" data-id=\"89472c3\" data-element_type=\"section\" data-settings=\"{&quot;background_background&quot;:&quot;classic&quot;}\">\n\t\t\t\t\t\t<div class=\"elementor-container elementor-column-gap-default\">\n\t\t\t\t\t<div class=\"elementor-column elementor-col-100 elementor-top-column elementor-element elementor-element-18859b1\" data-id=\"18859b1\" data-element_type=\"column\">\n\t\t\t<div class=\"elementor-widget-wrap elementor-element-populated\">\n\t\t\t\t\t\t<section class=\"elementor-section elementor-inner-section elementor-element elementor-element-6bfa09f elementor-section-boxed elementor-section-height-default elementor-section-height-default\" data-id=\"6bfa09f\" data-element_type=\"section\">\n\t\t\t\t\t\t<div class=\"elementor-container elementor-column-gap-wider\">\n\t\t\t\t\t<div class=\"elementor-column elementor-col-50 elementor-inner-column elementor-element elementor-element-de0db95\" data-id=\"de0db95\" data-element_type=\"column\">\n\t\t\t<div class=\"elementor-widget-wrap elementor-element-populated\">\n\t\t\t\t\t\t<div class=\"elementor-element elementor-element-5a54a1d elementor-widget elementor-widget-text-editor\" data-id=\"5a54a1d\" data-element_type=\"widget\" data-widget_type=\"text-editor.default\">\n\t\t\t\t<div class=\"elementor-widget-container\">\n\t\t\t\t\t\t\t\t\t<p>Adem\u00e1s de nuestra incre\u00edble ofrecida culinaria, tambi\u00e9n ofrecemos una amplia selecci\u00f3n de vinos y bebidas para\u00a0maridar\u00a0tus comidas, as\u00ed como un servicio profesional y atento que se encargar\u00e1 de todos los detalles porque t\u00fa solo te preocupes para disfrutar.<br \/><br \/>No importa el tipo de acontecimiento que est\u00e9s planeando, nuestro equipo de acontecimientos estar\u00e1 encantado de trabajar contigo para personalizar cada aspecto y asegurarse que se cumplan todas tus expectativas.<br \/>Desde la decoraci\u00f3n hasta el men\u00fa, nos esforzamos para hacer realidad tus deseos y crear momentos memorables para t\u00fa y tus invitados.<\/p>\t\t\t\t\t\t\t\t<\/div>\n\t\t\t\t<\/div>\n\t\t\t\t\t<\/div>\n\t\t<\/div>\n\t\t\t\t<div class=\"elementor-column elementor-col-50 elementor-inner-column elementor-element elementor-element-e04a78c\" data-id=\"e04a78c\" data-element_type=\"column\">\n\t\t\t<div class=\"elementor-widget-wrap elementor-element-populated\">\n\t\t\t\t\t\t<div class=\"elementor-element elementor-element-c583aaf elementor-widget elementor-widget-image\" data-id=\"c583aaf\" data-element_type=\"widget\" data-widget_type=\"image.default\">\n\t\t\t\t<div class=\"elementor-widget-container\">\n\t\t\t\t\t\t\t\t\t\t\t\t\t\t\t<img decoding=\"async\" width=\"1024\" height=\"1024\" src=\"https:\/\/restaurantcanllobet.es\/wp-content\/uploads\/2023\/08\/image00096_-1024x1024.jpg\" class=\"attachment-large size-large wp-image-731\" alt=\"\" srcset=\"https:\/\/restaurantcanllobet.es\/wp-content\/uploads\/2023\/08\/image00096_-1024x1024.jpg 1024w, https:\/\/restaurantcanllobet.es\/wp-content\/uploads\/2023\/08\/image00096_-300x300.jpg 300w, https:\/\/restaurantcanllobet.es\/wp-content\/uploads\/2023\/08\/image00096_-150x150.jpg 150w, https:\/\/restaurantcanllobet.es\/wp-content\/uploads\/2023\/08\/image00096_-768x769.jpg 768w, https:\/\/restaurantcanllobet.es\/wp-content\/uploads\/2023\/08\/image00096_-1536x1536.jpg 1536w, https:\/\/restaurantcanllobet.es\/wp-content\/uploads\/2023\/08\/image00096_-2048x2048.jpg 2048w\" sizes=\"(max-width: 1024px) 100vw, 1024px\" \/>\t\t\t\t\t\t\t\t\t\t\t\t\t\t\t<\/div>\n\t\t\t\t<\/div>\n\t\t\t\t\t<\/div>\n\t\t<\/div>\n\t\t\t\t\t<\/div>\n\t\t<\/section>\n\t\t\t\t\t<\/div>\n\t\t<\/div>\n\t\t\t\t\t<\/div>\n\t\t<\/section>\n\t\t\t\t<\/div>\n\t\t","protected":false},"excerpt":{"rendered":"<p>Celebraciones \u00a1Celebra tus acontecimientos con estilo en nuestro restaurante! En nombre de\u00a0Can\u00a0Llobet, nos complace ofrecerte el lugar perfecto para celebrar tus acontecimientos especiales. Ya sea un cumplea\u00f1os, una reuni\u00f3n familiar, una comida de empresa o cualquier otra ocasi\u00f3n, nuestro equipo est\u00e1 preparado para hacer de tu acontecimiento una experiencia inolvidable. Nuestras amplias instalaciones y acogedor &hellip;<\/p>\n<p class=\"read-more\"> <a class=\"\" href=\"https:\/\/restaurantcanllobet.es\/es\/celebraciones\/\"> <span class=\"screen-reader-text\">CELEBRACIONES<\/span> Leer m\u00e1s \u00bb<\/a><\/p>\n","protected":false},"author":1,"featured_media":960,"parent":0,"menu_order":0,"comment_status":"closed","ping_status":"closed","template":"","meta":{"site-sidebar-layout":"no-sidebar","site-content-layout":"page-builder","ast-global-header-display":"","ast-main-header-display":"","ast-hfb-above-header-display":"","ast-hfb-below-header-display":"","ast-hfb-mobile-header-display":"","site-post-title":"disabled","ast-breadcrumbs-content":"","ast-featured-img":"disabled","footer-sml-layout":"","theme-transparent-header-meta":"default","adv-header-id-meta":"","stick-header-meta":"default","header-above-stick-meta":"","header-main-stick-meta":"","header-below-stick-meta":"","footnotes":""},"class_list":["post-911","page","type-page","status-publish","has-post-thumbnail","hentry"],"yoast_head":"<!-- This site is optimized with the Yoast SEO plugin v20.12 - https:\/\/yoast.com\/wordpress\/plugins\/seo\/ -->\n<title>CELEBRACIONES - Can Llobet<\/title>\n<meta name=\"robots\" content=\"index, follow, max-snippet:-1, max-image-preview:large, max-video-preview:-1\" \/>\n<link rel=\"canonical\" href=\"https:\/\/restaurantcanllobet.es\/es\/celebraciones\/\" \/>\n<meta property=\"og:locale\" content=\"es_ES\" \/>\n<meta property=\"og:type\" content=\"article\" \/>\n<meta property=\"og:title\" content=\"CELEBRACIONES - Can Llobet\" \/>\n<meta property=\"og:description\" content=\"Celebraciones \u00a1Celebra tus acontecimientos con estilo en nuestro restaurante! En nombre de\u00a0Can\u00a0Llobet, nos complace ofrecerte el lugar perfecto para celebrar tus acontecimientos especiales. Ya sea un cumplea\u00f1os, una reuni\u00f3n familiar, una comida de empresa o cualquier otra ocasi\u00f3n, nuestro equipo est\u00e1 preparado para hacer de tu acontecimiento una experiencia inolvidable. Nuestras amplias instalaciones y acogedor &hellip; CELEBRACIONES Leer m\u00e1s \u00bb\" \/>\n<meta property=\"og:url\" content=\"https:\/\/restaurantcanllobet.es\/es\/celebraciones\/\" \/>\n<meta property=\"og:site_name\" content=\"Can Llobet\" \/>\n<meta property=\"article:modified_time\" content=\"2023-09-18T14:27:36+00:00\" \/>\n<meta property=\"og:image\" content=\"https:\/\/restaurantcanllobet.es\/wp-content\/uploads\/2023\/08\/can-llobet-celebracions-1024x1024.jpg\" \/>\n<meta name=\"twitter:card\" content=\"summary_large_image\" \/>\n<meta name=\"twitter:label1\" content=\"Tiempo de lectura\" \/>\n\t<meta name=\"twitter:data1\" content=\"2 minutos\" \/>\n<script type=\"application\/ld+json\" class=\"yoast-schema-graph\">{\"@context\":\"https:\/\/schema.org\",\"@graph\":[{\"@type\":\"WebPage\",\"@id\":\"https:\/\/restaurantcanllobet.es\/es\/celebraciones\/\",\"url\":\"https:\/\/restaurantcanllobet.es\/es\/celebraciones\/\",\"name\":\"CELEBRACIONES - Can Llobet\",\"isPartOf\":{\"@id\":\"https:\/\/restaurantcanllobet.es\/#website\"},\"datePublished\":\"2023-07-26T14:16:01+00:00\",\"dateModified\":\"2023-09-18T14:27:36+00:00\",\"breadcrumb\":{\"@id\":\"https:\/\/restaurantcanllobet.es\/es\/celebraciones\/#breadcrumb\"},\"inLanguage\":\"es\",\"potentialAction\":[{\"@type\":\"ReadAction\",\"target\":[\"https:\/\/restaurantcanllobet.es\/es\/celebraciones\/\"]}]},{\"@type\":\"BreadcrumbList\",\"@id\":\"https:\/\/restaurantcanllobet.es\/es\/celebraciones\/#breadcrumb\",\"itemListElement\":[{\"@type\":\"ListItem\",\"position\":1,\"name\":\"Home\",\"item\":\"https:\/\/restaurantcanllobet.es\/\"},{\"@type\":\"ListItem\",\"position\":2,\"name\":\"CELEBRACIONES\"}]},{\"@type\":\"WebSite\",\"@id\":\"https:\/\/restaurantcanllobet.es\/#website\",\"url\":\"https:\/\/restaurantcanllobet.es\/\",\"name\":\"Can Llobet\",\"description\":\"Cetrex new project\",\"publisher\":{\"@id\":\"https:\/\/restaurantcanllobet.es\/#organization\"},\"potentialAction\":[{\"@type\":\"SearchAction\",\"target\":{\"@type\":\"EntryPoint\",\"urlTemplate\":\"https:\/\/restaurantcanllobet.es\/?s={search_term_string}\"},\"query-input\":\"required name=search_term_string\"}],\"inLanguage\":\"es\"},{\"@type\":\"Organization\",\"@id\":\"https:\/\/restaurantcanllobet.es\/#organization\",\"name\":\"Can Llobet\",\"url\":\"https:\/\/restaurantcanllobet.es\/\",\"logo\":{\"@type\":\"ImageObject\",\"inLanguage\":\"es\",\"@id\":\"https:\/\/restaurantcanllobet.es\/#\/schema\/logo\/image\/\",\"url\":\"https:\/\/restaurantcanllobet.es\/wp-content\/uploads\/2023\/08\/cropped-Sin-titulo-1_Mesa-de-trabajo-1-1.png\",\"contentUrl\":\"https:\/\/restaurantcanllobet.es\/wp-content\/uploads\/2023\/08\/cropped-Sin-titulo-1_Mesa-de-trabajo-1-1.png\",\"width\":240,\"height\":241,\"caption\":\"Can Llobet\"},\"image\":{\"@id\":\"https:\/\/restaurantcanllobet.es\/#\/schema\/logo\/image\/\"}}]}<\/script>\n<!-- \/ Yoast SEO plugin. -->","yoast_head_json":{"title":"CELEBRACIONES - Can Llobet","robots":{"index":"index","follow":"follow","max-snippet":"max-snippet:-1","max-image-preview":"max-image-preview:large","max-video-preview":"max-video-preview:-1"},"canonical":"https:\/\/restaurantcanllobet.es\/es\/celebraciones\/","og_locale":"es_ES","og_type":"article","og_title":"CELEBRACIONES - Can Llobet","og_description":"Celebraciones \u00a1Celebra tus acontecimientos con estilo en nuestro restaurante! En nombre de\u00a0Can\u00a0Llobet, nos complace ofrecerte el lugar perfecto para celebrar tus acontecimientos especiales. Ya sea un cumplea\u00f1os, una reuni\u00f3n familiar, una comida de empresa o cualquier otra ocasi\u00f3n, nuestro equipo est\u00e1 preparado para hacer de tu acontecimiento una experiencia inolvidable. Nuestras amplias instalaciones y acogedor &hellip; CELEBRACIONES Leer m\u00e1s \u00bb","og_url":"https:\/\/restaurantcanllobet.es\/es\/celebraciones\/","og_site_name":"Can Llobet","article_modified_time":"2023-09-18T14:27:36+00:00","og_image":[{"url":"https:\/\/restaurantcanllobet.es\/wp-content\/uploads\/2023\/08\/can-llobet-celebracions-1024x1024.jpg"}],"twitter_card":"summary_large_image","twitter_misc":{"Tiempo de lectura":"2 minutos"},"schema":{"@context":"https:\/\/schema.org","@graph":[{"@type":"WebPage","@id":"https:\/\/restaurantcanllobet.es\/es\/celebraciones\/","url":"https:\/\/restaurantcanllobet.es\/es\/celebraciones\/","name":"CELEBRACIONES - Can Llobet","isPartOf":{"@id":"https:\/\/restaurantcanllobet.es\/#website"},"datePublished":"2023-07-26T14:16:01+00:00","dateModified":"2023-09-18T14:27:36+00:00","breadcrumb":{"@id":"https:\/\/restaurantcanllobet.es\/es\/celebraciones\/#breadcrumb"},"inLanguage":"es","potentialAction":[{"@type":"ReadAction","target":["https:\/\/restaurantcanllobet.es\/es\/celebraciones\/"]}]},{"@type":"BreadcrumbList","@id":"https:\/\/restaurantcanllobet.es\/es\/celebraciones\/#breadcrumb","itemListElement":[{"@type":"ListItem","position":1,"name":"Home","item":"https:\/\/restaurantcanllobet.es\/"},{"@type":"ListItem","position":2,"name":"CELEBRACIONES"}]},{"@type":"WebSite","@id":"https:\/\/restaurantcanllobet.es\/#website","url":"https:\/\/restaurantcanllobet.es\/","name":"Can Llobet","description":"Cetrex new project","publisher":{"@id":"https:\/\/restaurantcanllobet.es\/#organization"},"potentialAction":[{"@type":"SearchAction","target":{"@type":"EntryPoint","urlTemplate":"https:\/\/restaurantcanllobet.es\/?s={search_term_string}"},"query-input":"required name=search_term_string"}],"inLanguage":"es"},{"@type":"Organization","@id":"https:\/\/restaurantcanllobet.es\/#organization","name":"Can Llobet","url":"https:\/\/restaurantcanllobet.es\/","logo":{"@type":"ImageObject","inLanguage":"es","@id":"https:\/\/restaurantcanllobet.es\/#\/schema\/logo\/image\/","url":"https:\/\/restaurantcanllobet.es\/wp-content\/uploads\/2023\/08\/cropped-Sin-titulo-1_Mesa-de-trabajo-1-1.png","contentUrl":"https:\/\/restaurantcanllobet.es\/wp-content\/uploads\/2023\/08\/cropped-Sin-titulo-1_Mesa-de-trabajo-1-1.png","width":240,"height":241,"caption":"Can Llobet"},"image":{"@id":"https:\/\/restaurantcanllobet.es\/#\/schema\/logo\/image\/"}}]}},"_links":{"self":[{"href":"https:\/\/restaurantcanllobet.es\/es\/wp-json\/wp\/v2\/pages\/911","targetHints":{"allow":["GET"]}}],"collection":[{"href":"https:\/\/restaurantcanllobet.es\/es\/wp-json\/wp\/v2\/pages"}],"about":[{"href":"https:\/\/restaurantcanllobet.es\/es\/wp-json\/wp\/v2\/types\/page"}],"author":[{"embeddable":true,"href":"https:\/\/restaurantcanllobet.es\/es\/wp-json\/wp\/v2\/users\/1"}],"replies":[{"embeddable":true,"href":"https:\/\/restaurantcanllobet.es\/es\/wp-json\/wp\/v2\/comments?post=911"}],"version-history":[{"count":14,"href":"https:\/\/restaurantcanllobet.es\/es\/wp-json\/wp\/v2\/pages\/911\/revisions"}],"predecessor-version":[{"id":1052,"href":"https:\/\/restaurantcanllobet.es\/es\/wp-json\/wp\/v2\/pages\/911\/revisions\/1052"}],"wp:featuredmedia":[{"embeddable":true,"href":"https:\/\/restaurantcanllobet.es\/es\/wp-json\/wp\/v2\/media\/960"}],"wp:attachment":[{"href":"https:\/\/restaurantcanllobet.es\/es\/wp-json\/wp\/v2\/media?parent=911"}],"curies":[{"name":"wp","href":"https:\/\/api.w.org\/{rel}","templated":true}]}}